{"id":4051,"date":"2018-03-27T16:59:47","date_gmt":"2018-03-27T19:59:47","guid":{"rendered":"http:\/\/genomic.com.br\/portal\/?page_id=4051"},"modified":"2018-03-27T19:03:15","modified_gmt":"2018-03-27T22:03:15","slug":"painel-cancer-de-mama-e-ovario-ampliado-21-genes","status":"publish","type":"page","link":"https:\/\/genomic.com.br\/portal\/painel-cancer-de-mama-e-ovario-ampliado-21-genes\/","title":{"rendered":"Painel C\u00e2ncer de Mama e Ov\u00e1rio Ampliado \u2013 21 genes"},"content":{"rendered":"<p style=\"text-align: justify;\">Muta\u00e7\u00f5es nos genes <em>BRCA1<\/em> e <em>BRCA2\u00a0<\/em> causam c\u00e2ncer de mama e tamb\u00e9m podem causar tumores de ov\u00e1rio, c\u00e2ncer de pr\u00f3stata e de intestino grosso. E ao contr\u00e1rio, variantes patog\u00eanicas presentes em outros genes tamb\u00e9m podem causar c\u00e2ncer de mama e ov\u00e1rio.<\/p>\n<p>&nbsp;<\/p>\n<p style=\"text-align: justify;\">Avan\u00e7os tecnol\u00f3gicos recentes na \u00e1rea de sequenciamento em larga escala permite rastrear e analisar variantes nos principais genes que predisp\u00f5em ao desenvolvimento de c\u00e2ncer heredit\u00e1rio. Al\u00e9m do sequenciamento dos genes <em>BRCA1<\/em> e <em>BRCA2<\/em>, os 19 genes mais frequentemente relacionados com c\u00e2ncer de mama e ov\u00e1rio est\u00e3o inclu\u00eddos no painel ampliado: <strong><em>BARD1, ATM, BLM, BRIP1, CDH1, CHEK2, FAM175A, MEN1, MRE11A, NBN, MUTYH, PALB2, RAD50, RAD51, RAD51C, RAD51D, PTEN, STK11 e TP53<\/em>.<\/strong><\/p>\n<p>&nbsp;<\/p>\n<p style=\"text-align: justify;\"><span style=\"color: #800000;\"><strong>Metodologia:<\/strong><\/span><\/p>\n<p style=\"text-align: justify;\">Sequenciamento de DNA de Nova Gera\u00e7\u00e3o (Next Generation Sequencing).<\/p>\n<p style=\"text-align: justify;\"><span style=\"color: #800000;\"><br \/>\n<strong>Coleta:<\/strong><\/span><\/p>\n<p>Para realizar o exame \u00e9 necess\u00e1ria a coleta de 5,0 \u00a0mL de sangue perif\u00e9rico em um tubo de coleta a v\u00e1cuo com anticoagulante EDTA (Vacutainer de tampa roxa).<\/p>\n<p style=\"text-align: justify;\"><span style=\"color: #800000;\"><br \/>\n<strong>Prazos:<\/strong><\/span><\/p>\n<p>Os resultados s\u00e3o enviados em 15 dias \u00fateis.<\/p>\n<p>&nbsp;<\/p>\n<p>* O exame s\u00f3 ser\u00e1 realizado mediante pedido m\u00e9dico<\/p>\n<p>&nbsp;<\/p>\n<p style=\"text-align: justify;\">Para maiores informa\u00e7\u00f5es e valores\u00a0entre em <a href=\"https:\/\/genomic.com.br\/portal\/contato\/\">contato<\/a> com a Genomic.<\/p>\n","protected":false},"excerpt":{"rendered":"<p>Muta\u00e7\u00f5es nos genes BRCA1 e BRCA2\u00a0 causam c\u00e2ncer de mama e tamb\u00e9m podem causar tumores de ov\u00e1rio, c\u00e2ncer de pr\u00f3stata e de intestino grosso. E ao contr\u00e1rio, variantes patog\u00eanicas presentes em outros genes tamb\u00e9m podem causar c\u00e2ncer de mama e ov\u00e1rio. &nbsp; Avan\u00e7os tecnol\u00f3gicos recentes na \u00e1rea de sequenciamento em larga escala permite rastrear e &#8230; <a title=\"Painel C\u00e2ncer de Mama e Ov\u00e1rio Ampliado \u2013 21 genes\" class=\"read-more\" href=\"https:\/\/genomic.com.br\/portal\/painel-cancer-de-mama-e-ovario-ampliado-21-genes\/\" aria-label=\"More on Painel C\u00e2ncer de Mama e Ov\u00e1rio Ampliado \u2013 21 genes\">Ler mais<\/a><\/p>\n","protected":false},"author":3,"featured_media":0,"parent":0,"menu_order":0,"comment_status":"closed","ping_status":"closed","template":"","meta":{"footnotes":""},"class_list":["post-4051","page","type-page","status-publish"],"_links":{"self":[{"href":"https:\/\/genomic.com.br\/portal\/wp-json\/wp\/v2\/pages\/4051","targetHints":{"allow":["GET"]}}],"collection":[{"href":"https:\/\/genomic.com.br\/portal\/wp-json\/wp\/v2\/pages"}],"about":[{"href":"https:\/\/genomic.com.br\/portal\/wp-json\/wp\/v2\/types\/page"}],"author":[{"embeddable":true,"href":"https:\/\/genomic.com.br\/portal\/wp-json\/wp\/v2\/users\/3"}],"replies":[{"embeddable":true,"href":"https:\/\/genomic.com.br\/portal\/wp-json\/wp\/v2\/comments?post=4051"}],"version-history":[{"count":7,"href":"https:\/\/genomic.com.br\/portal\/wp-json\/wp\/v2\/pages\/4051\/revisions"}],"predecessor-version":[{"id":4060,"href":"https:\/\/genomic.com.br\/portal\/wp-json\/wp\/v2\/pages\/4051\/revisions\/4060"}],"wp:attachment":[{"href":"https:\/\/genomic.com.br\/portal\/wp-json\/wp\/v2\/media?parent=4051"}],"curies":[{"name":"wp","href":"https:\/\/api.w.org\/{rel}","templated":true}]}}