{"id":4043,"date":"2018-03-27T16:34:12","date_gmt":"2018-03-27T19:34:12","guid":{"rendered":"http:\/\/genomic.com.br\/portal\/?page_id=4043"},"modified":"2018-03-27T16:42:55","modified_gmt":"2018-03-27T19:42:55","slug":"estudo-das-tres-mutacoes-para-cancer-de-mama-hereditario-brca-1-brca-2","status":"publish","type":"page","link":"https:\/\/genomic.com.br\/portal\/estudo-das-tres-mutacoes-para-cancer-de-mama-hereditario-brca-1-brca-2\/","title":{"rendered":"Estudo das Tr\u00eas Muta\u00e7\u00f5es para C\u00e2ncer de Mama Heredit\u00e1rio &#8211; BRCA 1 \/ BRCA 2"},"content":{"rendered":"<p style=\"text-align: justify;\">As mulheres judias com ascend\u00eancia ashkenazim t\u00eam uma tend\u00eancia maior a apresentar muta\u00e7\u00f5es que podem gerar o c\u00e2ncer de mama. Estima-se que uma em cada 40 mulheres desse grupo desenvolvam algum tipo de muta\u00e7\u00e3o, enquanto que, entre as mulheres em geral, a chance de desenvolver uma muta\u00e7\u00e3o \u00e9 de uma para 500.<\/p>\n<p> &nbsp;<\/p>\n<p style=\"text-align: justify;\">As tr\u00eas muta\u00e7\u00f5es comumente encontradas e respons\u00e1veis pelo aparecimento da doen\u00e7a s\u00e3o pesquisadas: <strong>BRCA1-185delAG, BRCA1-5382insC <\/strong>e<strong> BRCA2-6174delT<\/strong>.<\/p>\n<p>&nbsp;<\/p>\n<p style=\"text-align: justify;\"><span style=\"color: #800000;\"><strong>Metodologia:<\/strong><\/span><\/p>\n<p style=\"text-align: justify;\">Isolamento do DNA gen\u00f4mico de leuc\u00f3citos. Amplifica\u00e7\u00e3o por PCR de regi\u00f5es espec\u00edficas dos genes <em>BRCA1<\/em> e <em>BRCA2<\/em>, seguida de an\u00e1lise da sequ\u00eancia, realizada em sequenciador autom\u00e1tico de DNA<\/p>\n<p style=\"text-align: justify;\"><span style=\"color: #800000;\"><br \/>\n<strong>Coleta:<\/strong><\/span><\/p>\n<p style=\"text-align: justify;\">Para realizar o exame \u00e9 necess\u00e1ria a coleta de 5,0 mL de sangue perif\u00e9rico em um tubo de coleta a v\u00e1cuo com anticoagulante EDTA (Vacutainer de tampa roxa).<\/p>\n<p style=\"text-align: justify;\"><span style=\"color: #800000;\"><br \/>\n<strong>Prazos:<\/strong><\/span><\/p>\n<p>Os resultados s\u00e3o enviados em 15 dias \u00fateis.<\/p>\n<p>&nbsp;<\/p>\n<p>* O exame s\u00f3 ser\u00e1 realizado mediante pedido m\u00e9dico<\/p>\n<p>&nbsp;<\/p>\n<p style=\"text-align: justify;\">Para maiores informa\u00e7\u00f5es e valores\u00a0entre em <a href=\"https:\/\/genomic.com.br\/portal\/contato\/\">contato<\/a> com a Genomic.<\/p>\n","protected":false},"excerpt":{"rendered":"<p>As mulheres judias com ascend\u00eancia ashkenazim t\u00eam uma tend\u00eancia maior a apresentar muta\u00e7\u00f5es que podem gerar o c\u00e2ncer de mama. Estima-se que uma em cada 40 mulheres desse grupo desenvolvam algum tipo de muta\u00e7\u00e3o, enquanto que, entre as mulheres em geral, a chance de desenvolver uma muta\u00e7\u00e3o \u00e9 de uma para 500. &nbsp; As tr\u00eas &#8230; <a title=\"Estudo das Tr\u00eas Muta\u00e7\u00f5es para C\u00e2ncer de Mama Heredit\u00e1rio &#8211; BRCA 1 \/ BRCA 2\" class=\"read-more\" href=\"https:\/\/genomic.com.br\/portal\/estudo-das-tres-mutacoes-para-cancer-de-mama-hereditario-brca-1-brca-2\/\" aria-label=\"More on Estudo das Tr\u00eas Muta\u00e7\u00f5es para C\u00e2ncer de Mama Heredit\u00e1rio &#8211; BRCA 1 \/ BRCA 2\">Ler mais<\/a><\/p>\n","protected":false},"author":3,"featured_media":0,"parent":0,"menu_order":0,"comment_status":"closed","ping_status":"closed","template":"","meta":{"footnotes":""},"class_list":["post-4043","page","type-page","status-publish"],"_links":{"self":[{"href":"https:\/\/genomic.com.br\/portal\/wp-json\/wp\/v2\/pages\/4043","targetHints":{"allow":["GET"]}}],"collection":[{"href":"https:\/\/genomic.com.br\/portal\/wp-json\/wp\/v2\/pages"}],"about":[{"href":"https:\/\/genomic.com.br\/portal\/wp-json\/wp\/v2\/types\/page"}],"author":[{"embeddable":true,"href":"https:\/\/genomic.com.br\/portal\/wp-json\/wp\/v2\/users\/3"}],"replies":[{"embeddable":true,"href":"https:\/\/genomic.com.br\/portal\/wp-json\/wp\/v2\/comments?post=4043"}],"version-history":[{"count":6,"href":"https:\/\/genomic.com.br\/portal\/wp-json\/wp\/v2\/pages\/4043\/revisions"}],"predecessor-version":[{"id":4049,"href":"https:\/\/genomic.com.br\/portal\/wp-json\/wp\/v2\/pages\/4043\/revisions\/4049"}],"wp:attachment":[{"href":"https:\/\/genomic.com.br\/portal\/wp-json\/wp\/v2\/media?parent=4043"}],"curies":[{"name":"wp","href":"https:\/\/api.w.org\/{rel}","templated":true}]}}