{"id":4031,"date":"2018-03-27T16:05:03","date_gmt":"2018-03-27T19:05:03","guid":{"rendered":"http:\/\/genomic.com.br\/portal\/?page_id=4031"},"modified":"2018-03-27T16:17:50","modified_gmt":"2018-03-27T19:17:50","slug":"slco1b1-teste-de-sensibilidade-as-estatinas","status":"publish","type":"page","link":"https:\/\/genomic.com.br\/portal\/slco1b1-teste-de-sensibilidade-as-estatinas\/","title":{"rendered":"<i>SLCO1B1<\/i>  &#8211; Teste de sensibilidade  \u00e0s estatinas"},"content":{"rendered":"<p style=\"text-align: justify;\">Mialgias s\u00e3o os efeitos colaterais mais comuns causadas pelo uso das estatinas, bem como a raz\u00e3o principal da sua descontinua\u00e7\u00e3o. As estatinas inibem a enzima HMG-CoA redutase (3-hidroxi-3-metil-glutaril-coenzima A redutase), assim reduzindo a s\u00edntese de colesterol no f\u00edgado. Portanto, as estatinas s\u00e3o os principais f\u00e1rmacos prescritos para baixar o colesterol sangu\u00edneo. Hoje existem v\u00e1rias vers\u00f5es desse medicamento, uma sendo a sinvastatina.<\/p>\n<p style=\"text-align: justify;\">Recentemente foram descobertos<sup><a href=\"#_ftn1\" name=\"_ftnref1\">[1]<\/a><\/sup> variantes no gene <em>SLCO1B1<\/em> que modulam a tend\u00eancia de desenvolver mialgias e miopatias ao tomar sinvastatina. <em>SLCO1B1<\/em> codifica para uma prote\u00edna transportadora de \u00e2nions org\u00e2nicos que regula a capta\u00e7\u00e3o de estatinas pelo f\u00edgado. A presen\u00e7a de uma variante neste gene resulta em uma prote\u00edna com atividade transportadora reduzida, diminuindo o efeito farmacol\u00f3gico das estatinas aumentando a possibilidade de efeitos colaterais. Uma segunda variante est\u00e1 sob debate sendo conveniente sua pesquisa, uma vez que, a combina\u00e7\u00e3o de duas muta\u00e7\u00f5es pode apresentar atividade transportadora reduzida<sup><a href=\"#_ftn2\" name=\"_ftnref2\">[2]<\/a>.<\/sup><\/p>\n<p style=\"text-align: justify;\">Este teste \u00e9 aconselhado tanto para pacientes a ser medicado com qualquer uma das estatinas (atorvastatina,\u00a0fluvastatina, lovastatina, pravastatina, rosuvastatina e sinvastatina) como para pacientes que j\u00e1 apresentaram problemas musculares ap\u00f3s prescri\u00e7\u00e3o destes medicamentos.<\/p>\n<p style=\"text-align: justify;\"><sup><a href=\"#_ftnref1\" name=\"_ftn1\">[1]<\/a> SEARCH Collaborative Group (2008) <em>SLCO1B1<\/em> variants and statin-induced myopathy &#8211; a genomewide study. <em>N Engl J Med<\/em> <strong>359<\/strong>:789-799.<br \/>\n<a href=\"#_ftnref2\" name=\"_ftn2\">[2]<\/a> Oshiro C <em>et al.<\/em> (2010) PharmGKB very important pharmacogene: <em>SLCO1B1<\/em>. <em>Pharmacogenet Genomics<\/em> <strong>20<\/strong>:211\u2013216.<\/sup><\/p>\n<p>&nbsp;<\/p>\n<p style=\"text-align: justify;\"><span style=\"color: #800000;\"><strong>Metodologia:<\/strong><\/span><\/p>\n<p style=\"text-align: justify;\">Isolamento do DNA gen\u00f4mico de leuc\u00f3citos. Amplifica\u00e7\u00e3o por PCR e minisequenciamento da regi\u00e3o amplificada do gene <b><i>SLCO1B1 <\/i><\/b>(dois variantes s\u00e3o analisados).<\/p>\n<p>&nbsp;<\/p>\n<p style=\"text-align: justify;\"><span style=\"color: #800000;\"><br \/>\n<strong>Coleta:<\/strong><\/span><\/p>\n<p style=\"text-align: justify;\">Para realizar o exame \u00e9 necess\u00e1ria a coleta de 5,0 mL de sangue perif\u00e9rico em um tubo de coleta a v\u00e1cuo com anticoagulante EDTA (Vacutainer de tampa roxa).<\/p>\n<p style=\"text-align: justify;\"><span style=\"font-size: 10.0pt; font-family: Verdana;\">\u00a0<\/span><\/p>\n<p><span style=\"color: #800000;\"><strong>Prazos:<\/strong><\/span><\/p>\n<p style=\"text-align: justify;\">Os resultados s\u00e3o enviados em 15 dias \u00fateis, contados a partir da data do recebimento do material.<\/p>\n<p>&nbsp;<\/p>\n<p style=\"text-align: justify;\">Para maiores informa\u00e7\u00f5es e valores\u00a0entre em <a href=\"https:\/\/genomic.com.br\/portal\/contato\/\">contato<\/a> com a Genomic.<\/p>\n<p style=\"text-align: justify;\">\n","protected":false},"excerpt":{"rendered":"<p>Mialgias s\u00e3o os efeitos colaterais mais comuns causadas pelo uso das estatinas, bem como a raz\u00e3o principal da sua descontinua\u00e7\u00e3o. As estatinas inibem a enzima HMG-CoA redutase (3-hidroxi-3-metil-glutaril-coenzima A redutase), assim reduzindo a s\u00edntese de colesterol no f\u00edgado. Portanto, as estatinas s\u00e3o os principais f\u00e1rmacos prescritos para baixar o colesterol sangu\u00edneo. Hoje existem v\u00e1rias vers\u00f5es &#8230; <a title=\"SLCO1B1  &#8211; Teste de sensibilidade  \u00e0s estatinas\" class=\"read-more\" href=\"https:\/\/genomic.com.br\/portal\/slco1b1-teste-de-sensibilidade-as-estatinas\/\" aria-label=\"More on SLCO1B1  &#8211; Teste de sensibilidade  \u00e0s estatinas\">Ler mais<\/a><\/p>\n","protected":false},"author":3,"featured_media":0,"parent":0,"menu_order":0,"comment_status":"closed","ping_status":"closed","template":"","meta":{"footnotes":""},"class_list":["post-4031","page","type-page","status-publish"],"_links":{"self":[{"href":"https:\/\/genomic.com.br\/portal\/wp-json\/wp\/v2\/pages\/4031","targetHints":{"allow":["GET"]}}],"collection":[{"href":"https:\/\/genomic.com.br\/portal\/wp-json\/wp\/v2\/pages"}],"about":[{"href":"https:\/\/genomic.com.br\/portal\/wp-json\/wp\/v2\/types\/page"}],"author":[{"embeddable":true,"href":"https:\/\/genomic.com.br\/portal\/wp-json\/wp\/v2\/users\/3"}],"replies":[{"embeddable":true,"href":"https:\/\/genomic.com.br\/portal\/wp-json\/wp\/v2\/comments?post=4031"}],"version-history":[{"count":11,"href":"https:\/\/genomic.com.br\/portal\/wp-json\/wp\/v2\/pages\/4031\/revisions"}],"predecessor-version":[{"id":4187,"href":"https:\/\/genomic.com.br\/portal\/wp-json\/wp\/v2\/pages\/4031\/revisions\/4187"}],"wp:attachment":[{"href":"https:\/\/genomic.com.br\/portal\/wp-json\/wp\/v2\/media?parent=4031"}],"curies":[{"name":"wp","href":"https:\/\/api.w.org\/{rel}","templated":true}]}}