{"id":3646,"date":"2017-05-22T15:49:05","date_gmt":"2017-05-22T18:49:05","guid":{"rendered":"http:\/\/genomic.com.br\/portal\/?page_id=3646"},"modified":"2018-03-07T17:31:49","modified_gmt":"2018-03-07T20:31:49","slug":"cyp2d6-teste-de-sensibilidade-a-codeina","status":"publish","type":"page","link":"https:\/\/genomic.com.br\/portal\/cyp2d6-teste-de-sensibilidade-a-codeina\/","title":{"rendered":"<i>CYP2D6<\/i>  &#8211; Teste de Sensibilidade a Code\u00edna"},"content":{"rendered":"<p style=\"text-align: justify;\">\u00a0A code\u00edna \u00e9 um analg\u00e9sico opi\u00f3ide indicado para analgesia. Ap\u00f3s administra\u00e7\u00e3o, ela \u00e9 metabolizada em sua forma ativa, a morfina, por uma enzima presente no f\u00edgado a <em>CYP2D6<\/em>. H\u00e1 uma varia\u00e7\u00e3o consider\u00e1vel na efici\u00eancia e na quantidade de <em>CYP2D6<\/em> produzida entre indiv\u00edduos, proveniente de muta\u00e7\u00f5es gen\u00e9ticas detectadas nesta enzima. Isto posto, podem existir indiv\u00edduos metabolizadores ultrarr\u00e1pido, extensivo, normal e lento.<\/p>\n<p>&nbsp;<\/p>\n<p style=\"text-align: justify;\">A associa\u00e7\u00e3o do fen\u00f3tipo de metaboliza\u00e7\u00e3o da code\u00edna para morfina atrav\u00e9s da <em>CYP2D6<\/em> \u00e9 bem definida. Estudos identificaram uma diminui\u00e7\u00e3o nos n\u00edveis de morfina e redu\u00e7\u00e3o da analgesia em metabolizadores lentos (10% da popula\u00e7\u00e3o) quando comparados com metabolizadores normais, enquanto que metabolizadores ultrarr\u00e1pidos (30% da popula\u00e7\u00e3o) apresentaram concentra\u00e7\u00e3o de morfina em n\u00edveis t\u00f3xicos, mesmo em baixas doses de code\u00edna. Esses indiv\u00edduos podem apresentar sintomas tais como confus\u00e3o, respira\u00e7\u00e3o superficial ou sonol\u00eancia extrema, o que pode ser fatal.<\/p>\n<p>&nbsp;<\/p>\n<p style=\"text-align: justify;\">O teste \u00e9 indicado para pacientes que possuem inefic\u00e1cia, resist\u00eancia ou efeitos adversos a opi\u00f3ides.<\/p>\n<p>&nbsp;<\/p>\n<p style=\"text-align: justify;\"><span style=\"color: #800000;\"><strong>Metodologia:<\/strong><\/span><\/p>\n<p style=\"text-align: justify;\">Isolamento do DNA gen\u00f4mico de leuc\u00f3citos. Amplifica\u00e7\u00e3o por PCR do gene <em>CYP2D6<\/em> seguida an\u00e1lise dos polimorfismos em sequenciador autom\u00e1tico de DNA.<\/p>\n<p>&nbsp;<\/p>\n<p style=\"text-align: justify;\"><span style=\"color: #800000;\"><br \/>\n<strong>Coleta:<\/strong><\/span><\/p>\n<p style=\"text-align: justify;\">Para realizar o exame \u00e9 necess\u00e1ria a coleta de sangue perif\u00e9rico.<\/p>\n<p style=\"text-align: justify;\"><span style=\"font-size: 10.0pt; font-family: Verdana;\">\u00a0<\/span><\/p>\n<p><span style=\"color: #800000;\"><strong>Prazos:<\/strong><\/span><\/p>\n<p style=\"text-align: justify;\">Os resultados s\u00e3o enviados em 15 dias \u00fateis, contados a partir da data do recebimento do material.<\/p>\n<p>&nbsp;<\/p>\n<p>Para maiores informa\u00e7\u00f5es e valores\u00a0entre em <a href=\"https:\/\/genomic.com.br\/portal\/contato\/\">contato<\/a> com a Genomic.<\/p>\n","protected":false},"excerpt":{"rendered":"<p>\u00a0A code\u00edna \u00e9 um analg\u00e9sico opi\u00f3ide indicado para analgesia. Ap\u00f3s administra\u00e7\u00e3o, ela \u00e9 metabolizada em sua forma ativa, a morfina, por uma enzima presente no f\u00edgado a CYP2D6. H\u00e1 uma varia\u00e7\u00e3o consider\u00e1vel na efici\u00eancia e na quantidade de CYP2D6 produzida entre indiv\u00edduos, proveniente de muta\u00e7\u00f5es gen\u00e9ticas detectadas nesta enzima. Isto posto, podem existir indiv\u00edduos metabolizadores &#8230; <a title=\"CYP2D6  &#8211; Teste de Sensibilidade a Code\u00edna\" class=\"read-more\" href=\"https:\/\/genomic.com.br\/portal\/cyp2d6-teste-de-sensibilidade-a-codeina\/\" aria-label=\"More on CYP2D6  &#8211; Teste de Sensibilidade a Code\u00edna\">Ler mais<\/a><\/p>\n","protected":false},"author":3,"featured_media":0,"parent":0,"menu_order":0,"comment_status":"closed","ping_status":"closed","template":"","meta":{"footnotes":""},"class_list":["post-3646","page","type-page","status-publish"],"_links":{"self":[{"href":"https:\/\/genomic.com.br\/portal\/wp-json\/wp\/v2\/pages\/3646","targetHints":{"allow":["GET"]}}],"collection":[{"href":"https:\/\/genomic.com.br\/portal\/wp-json\/wp\/v2\/pages"}],"about":[{"href":"https:\/\/genomic.com.br\/portal\/wp-json\/wp\/v2\/types\/page"}],"author":[{"embeddable":true,"href":"https:\/\/genomic.com.br\/portal\/wp-json\/wp\/v2\/users\/3"}],"replies":[{"embeddable":true,"href":"https:\/\/genomic.com.br\/portal\/wp-json\/wp\/v2\/comments?post=3646"}],"version-history":[{"count":5,"href":"https:\/\/genomic.com.br\/portal\/wp-json\/wp\/v2\/pages\/3646\/revisions"}],"predecessor-version":[{"id":4010,"href":"https:\/\/genomic.com.br\/portal\/wp-json\/wp\/v2\/pages\/3646\/revisions\/4010"}],"wp:attachment":[{"href":"https:\/\/genomic.com.br\/portal\/wp-json\/wp\/v2\/media?parent=3646"}],"curies":[{"name":"wp","href":"https:\/\/api.w.org\/{rel}","templated":true}]}}