{"id":3347,"date":"2016-08-10T20:23:32","date_gmt":"2016-08-10T23:23:32","guid":{"rendered":"\/?page_id=3347"},"modified":"2022-01-20T22:25:54","modified_gmt":"2022-01-21T01:25:54","slug":"nutrigenetica","status":"publish","type":"page","link":"https:\/\/genomic.com.br\/portal\/nutrigenetica\/","title":{"rendered":"Nutrigen\u00e9tica"},"content":{"rendered":"<p><a href=\"https:\/\/genomic.com.br\/portal\/doenca-celiaca-e-intolerancia-ao-gluten\/\">Doen\u00e7a cel\u00edaca e intoler\u00e2ncia ao gl\u00faten<\/a><\/p>\n<p><a href=\"https:\/\/genomic.com.br\/portal\/intolerancia-a-lactose\/\">Intoler\u00e2ncia \u00e0 lactose<\/a><\/p>\n<p><a href=\"https:\/\/genomic.com.br\/portal\/sobrepeso-e-obesidade\/\">Sobrepeso e Obesidade<\/a><\/p>\n","protected":false},"excerpt":{"rendered":"<p>Doen\u00e7a cel\u00edaca e intoler\u00e2ncia ao gl\u00faten Intoler\u00e2ncia \u00e0 lactose Sobrepeso e Obesidade<\/p>\n","protected":false},"author":3,"featured_media":0,"parent":0,"menu_order":0,"comment_status":"closed","ping_status":"closed","template":"","meta":{"footnotes":""},"class_list":["post-3347","page","type-page","status-publish"],"_links":{"self":[{"href":"https:\/\/genomic.com.br\/portal\/wp-json\/wp\/v2\/pages\/3347","targetHints":{"allow":["GET"]}}],"collection":[{"href":"https:\/\/genomic.com.br\/portal\/wp-json\/wp\/v2\/pages"}],"about":[{"href":"https:\/\/genomic.com.br\/portal\/wp-json\/wp\/v2\/types\/page"}],"author":[{"embeddable":true,"href":"https:\/\/genomic.com.br\/portal\/wp-json\/wp\/v2\/users\/3"}],"replies":[{"embeddable":true,"href":"https:\/\/genomic.com.br\/portal\/wp-json\/wp\/v2\/comments?post=3347"}],"version-history":[{"count":14,"href":"https:\/\/genomic.com.br\/portal\/wp-json\/wp\/v2\/pages\/3347\/revisions"}],"predecessor-version":[{"id":4511,"href":"https:\/\/genomic.com.br\/portal\/wp-json\/wp\/v2\/pages\/3347\/revisions\/4511"}],"wp:attachment":[{"href":"https:\/\/genomic.com.br\/portal\/wp-json\/wp\/v2\/media?parent=3347"}],"curies":[{"name":"wp","href":"https:\/\/api.w.org\/{rel}","templated":true}]}}