{"id":3344,"date":"2016-08-10T20:12:08","date_gmt":"2016-08-10T23:12:08","guid":{"rendered":"\/?page_id=3344"},"modified":"2022-01-25T08:42:10","modified_gmt":"2022-01-25T11:42:10","slug":"farmacogenetica","status":"publish","type":"page","link":"https:\/\/genomic.com.br\/portal\/farmacogenetica\/","title":{"rendered":"Farmacogen\u00e9tica"},"content":{"rendered":"<p><a href=\"https:\/\/genomic.com.br\/portal\/toxicidade-do-irinotecano\/\"><i>UGT1A1<\/i> &#8211; Toxicidade do Irinotecano<\/a><\/p>\n<p><a href=\"https:\/\/genomic.com.br\/portal\/cyp2c9-vkorc1-teste-de-sensibilidade-a-varfarina\/\"><i>CYP2C9<\/i> \/ <i>VKORC1<\/i> \u2013 Teste de Sensibilidade \u00e0 Varfarina<\/a><\/p>\n<p><a href=\"https:\/\/genomic.com.br\/portal\/nat-2-teste-de-sensibilidade-a-isoniazida\/\"><i> NAT-2<\/i> \u2013 Teste de Sensibilidade a Isoniazida<\/a><\/p>\n<p><a href=\"https:\/\/genomic.com.br\/portal\/cyp2d6-teste-de-sensibilidade-a-codeina\/\"><i>CYP2D6<\/i> \u2013 Teste de Sensibilidade a Code\u00edna<\/a><\/p>\n<p><a href=\"https:\/\/genomic.com.br\/portal\/painel-farmacogenetico-para-psicofarmacos\/\">Painel Farmacogen\u00e9tico para Psicof\u00e1rmacos<\/a><\/p>\n<p><a href=\"https:\/\/genomic.com.br\/portal\/slco1b1-teste-de-sensibilidade-as-estatinas\/\"><i>SLCO1B1<\/i> \u2013 Teste de sensibilidade \u00e0s estatinas<\/a><\/p>\n","protected":false},"excerpt":{"rendered":"<p>UGT1A1 &#8211; Toxicidade do Irinotecano CYP2C9 \/ VKORC1 \u2013 Teste de Sensibilidade \u00e0 Varfarina NAT-2 \u2013 Teste de Sensibilidade a Isoniazida CYP2D6 \u2013 Teste de Sensibilidade a Code\u00edna Painel Farmacogen\u00e9tico para Psicof\u00e1rmacos SLCO1B1 \u2013 Teste de sensibilidade \u00e0s estatinas<\/p>\n","protected":false},"author":3,"featured_media":0,"parent":0,"menu_order":0,"comment_status":"closed","ping_status":"closed","template":"","meta":{"footnotes":""},"class_list":["post-3344","page","type-page","status-publish"],"_links":{"self":[{"href":"https:\/\/genomic.com.br\/portal\/wp-json\/wp\/v2\/pages\/3344","targetHints":{"allow":["GET"]}}],"collection":[{"href":"https:\/\/genomic.com.br\/portal\/wp-json\/wp\/v2\/pages"}],"about":[{"href":"https:\/\/genomic.com.br\/portal\/wp-json\/wp\/v2\/types\/page"}],"author":[{"embeddable":true,"href":"https:\/\/genomic.com.br\/portal\/wp-json\/wp\/v2\/users\/3"}],"replies":[{"embeddable":true,"href":"https:\/\/genomic.com.br\/portal\/wp-json\/wp\/v2\/comments?post=3344"}],"version-history":[{"count":2,"href":"https:\/\/genomic.com.br\/portal\/wp-json\/wp\/v2\/pages\/3344\/revisions"}],"predecessor-version":[{"id":4518,"href":"https:\/\/genomic.com.br\/portal\/wp-json\/wp\/v2\/pages\/3344\/revisions\/4518"}],"wp:attachment":[{"href":"https:\/\/genomic.com.br\/portal\/wp-json\/wp\/v2\/media?parent=3344"}],"curies":[{"name":"wp","href":"https:\/\/api.w.org\/{rel}","templated":true}]}}