{"id":3340,"date":"2016-08-10T19:39:27","date_gmt":"2016-08-10T22:39:27","guid":{"rendered":"\/?page_id=3340"},"modified":"2022-01-20T19:31:30","modified_gmt":"2022-01-20T22:31:30","slug":"testes-geneticos-4","status":"publish","type":"page","link":"https:\/\/genomic.com.br\/portal\/testes-geneticos-4\/","title":{"rendered":"Testes Gen\u00e9ticos"},"content":{"rendered":"<p><a href=\"https:\/\/genomic.com.br\/portal\/ace\/\"><i>ACE<\/i> &#8211; Propens\u00e3o \u00e0 doen\u00e7as card\u00edacas<\/a><\/p>\n<p><a href=\"https:\/\/genomic.com.br\/portal\/alzheimer\/\"><i>APOE<\/i> &#8211; Doen\u00e7a de Alzheimer<\/a><\/p>\n<p><a class=\"quadmenu-dropdown-toggle hoverintent\" href=\"https:\/\/genomic.com.br\/portal\/cancer-de-mama\/\">C\u00e2ncer de Mama e Ov\u00e1rio<\/a><\/p>\n<div id=\"dropdown-3149\" class=\"quadmenu_btt t_300 quadmenu-dropdown-menu\">\n<p><a href=\"https:\/\/genomic.com.br\/portal\/cancer-de-mama-publicacoes\/\">C\u00e2ncer de Mama \u2013 Publica\u00e7\u00f5es<br \/>\n<\/a><\/p>\n<\/div>\n<p><a href=\"https:\/\/genomic.com.br\/portal\/fibrose-cistica\/\"> <i>CFTR<\/i> \u2013 Fibrose C\u00edstica<br \/>\n<\/a><a href=\"https:\/\/genomic.com.br\/portal\/21-hidroxilase-hac\/\"><br \/>\n<i>CYP21A2<\/i> &#8211; Hiperplasia Adrenal Cong\u00eanita<br \/>\n<\/a><a href=\"https:\/\/genomic.com.br\/portal\/x-fragil\/\"><br \/>\n<i>FMR1<\/i> &#8211; S\u00edndrome do X-Fr\u00e1gil<br \/>\n<\/a><a href=\"https:\/\/genomic.com.br\/portal\/protombina\/\"><br \/>\n<i>F2 (Protrombina)<\/i> &#8211; Trombose venosa profunda<br \/>\n<\/a><a href=\"https:\/\/genomic.com.br\/portal\/trombose-venosa-profunda\/\"><br \/>\n<i>F5 (Leiden)<\/i> \u2013 Trombose venosa profunda<br \/>\n<\/a><a href=\"https:\/\/genomic.com.br\/portal\/rim-policistico\/\"><br \/>\n<i>PKD1<\/i> &#8211; Rim Polic\u00edstico<\/a><\/p>\n<p><a href=\"https:\/\/genomic.com.br\/portal\/mthfr\/\"><i>MTHFR<\/i> \u2013 Propens\u00e3o \u00e0 doen\u00e7a card\u00edaca e\/ou tubo neural<\/a><\/p>\n<p><a href=\"https:\/\/genomic.com.br\/portal\/ame-atrofia-muscular-espinhal\/\"> <i>SMN1<\/i> \/ <i>SMN 2<\/i> &#8211; Atrofia Muscular Espinhal<br \/>\n<\/a><\/p>\n","protected":false},"excerpt":{"rendered":"<p>ACE &#8211; Propens\u00e3o \u00e0 doen\u00e7as card\u00edacas APOE &#8211; Doen\u00e7a de Alzheimer C\u00e2ncer de Mama e Ov\u00e1rio C\u00e2ncer de Mama \u2013 Publica\u00e7\u00f5es CFTR \u2013 Fibrose C\u00edstica CYP21A2 &#8211; Hiperplasia Adrenal Cong\u00eanita FMR1 &#8211; S\u00edndrome do X-Fr\u00e1gil F2 (Protrombina) &#8211; Trombose venosa profunda F5 (Leiden) \u2013 Trombose venosa profunda PKD1 &#8211; Rim Polic\u00edstico MTHFR \u2013 Propens\u00e3o \u00e0 &#8230; <a title=\"Testes Gen\u00e9ticos\" class=\"read-more\" href=\"https:\/\/genomic.com.br\/portal\/testes-geneticos-4\/\" aria-label=\"More on Testes Gen\u00e9ticos\">Ler mais<\/a><\/p>\n","protected":false},"author":3,"featured_media":0,"parent":0,"menu_order":0,"comment_status":"closed","ping_status":"closed","template":"","meta":{"footnotes":""},"class_list":["post-3340","page","type-page","status-publish"],"_links":{"self":[{"href":"https:\/\/genomic.com.br\/portal\/wp-json\/wp\/v2\/pages\/3340","targetHints":{"allow":["GET"]}}],"collection":[{"href":"https:\/\/genomic.com.br\/portal\/wp-json\/wp\/v2\/pages"}],"about":[{"href":"https:\/\/genomic.com.br\/portal\/wp-json\/wp\/v2\/types\/page"}],"author":[{"embeddable":true,"href":"https:\/\/genomic.com.br\/portal\/wp-json\/wp\/v2\/users\/3"}],"replies":[{"embeddable":true,"href":"https:\/\/genomic.com.br\/portal\/wp-json\/wp\/v2\/comments?post=3340"}],"version-history":[{"count":5,"href":"https:\/\/genomic.com.br\/portal\/wp-json\/wp\/v2\/pages\/3340\/revisions"}],"predecessor-version":[{"id":4498,"href":"https:\/\/genomic.com.br\/portal\/wp-json\/wp\/v2\/pages\/3340\/revisions\/4498"}],"wp:attachment":[{"href":"https:\/\/genomic.com.br\/portal\/wp-json\/wp\/v2\/media?parent=3340"}],"curies":[{"name":"wp","href":"https:\/\/api.w.org\/{rel}","templated":true}]}}