{"id":3328,"date":"2016-08-10T18:13:28","date_gmt":"2016-08-10T21:13:28","guid":{"rendered":"\/?page_id=3328"},"modified":"2020-06-08T16:18:25","modified_gmt":"2020-06-08T19:18:25","slug":"dna-na-gravidez-nao-invasivo","status":"publish","type":"page","link":"https:\/\/genomic.com.br\/portal\/dna-na-gravidez-nao-invasivo\/","title":{"rendered":"DNA na gravidez n\u00e3o invasivo"},"content":{"rendered":"<h4>Exame de Paternidade Pr\u00e9-Natal N\u00e3o Invasivo<\/h4>\n<p style=\"text-align: justify;\">No m\u00eas de maio de 2016 a Genomic lan\u00e7ou o exame <strong>DNA pr\u00e9-natal n\u00e3o invasivo<\/strong>. Resultado de mais de dezoito meses de trabalho dos nossos pesquisadores, trata-se de uma an\u00e1lise sofisticada e precoce que substitui o exame convencional realizado em material fetal obtido pela coleta do l\u00edquido amni\u00f3tico ou vilo corial. O teste n\u00e3o oferece riscos.<\/p>\n<p style=\"text-align: justify;\">O exame \u00e9 realizado utilizando DNA fetal livre circulante presente no plasma materno durante a gravidez. A coleta pode ser feita a partir da 11\u00aa semana de gesta\u00e7\u00e3o, per\u00edodo m\u00e9dio este onde\u00a0o DNA fetal est\u00e1 presente em quantidade suficiente para o ensaio, at\u00e9 o final da gravidez.<\/p>\n<p style=\"text-align: justify;\">O estudo da similaridade dos marcadores gen\u00e9ticos, comparando o DNA fetal com o do suposto pai, \u00e9 realizado empregando-se um algoritmo informatizado. Os resultados permitem <strong>uma probabilidade de paternidade maior ou igual a 99,9%<\/strong>. A\u00a0exclus\u00e3o \u00e9 de 100%. <strong>O sexo do feto pode ser informado. <\/strong><\/p>\n<p style=\"text-align: justify;\">Este exame n\u00e3o \u00e9 indicado nos seguintes casos:<\/p>\n<p>1. Gesta\u00e7\u00e3o de g\u00eameos;<\/p>\n<p>2. No caso de mais de um suposto pai, eles n\u00e3o devem ter parentesco de primeiro grau entre si; bem como o suposto pai e gestante, que n\u00e3o podem ter parentesco de at\u00e9 2o grau;<\/p>\n<p>3. Gr\u00e1vidas que sofreram aborto ou uma gravidez nos \u00faltimos 12 meses;<\/p>\n<p>4. Gr\u00e1vidas que realizaram transfus\u00e3o de sangue nos \u00faltimos 6 meses ou transplante de medula h\u00e1 qualquer tempo;<\/p>\n<p>Veja abaixo como o exame pode ser realizado:<\/p>\n<p><strong>Coleta:<\/strong><\/p>\n<p style=\"text-align: justify;\">&#8211;\u00a0 M\u00e3e: coleta \u00e9 feita por pun\u00e7\u00e3o venosa &#8211; 20ml;<\/p>\n<p style=\"text-align: justify;\">&#8211;\u00a0 Pai: coleta feita em papel filtro;<\/p>\n<p style=\"text-align: justify;\">&#8211; Comprova\u00e7\u00e3o da idade gestacional por ultrassom ou por uma carta do m\u00e9dico ginecologista respons\u00e1vel;<\/p>\n<p style=\"text-align: justify;\">&#8211;\u00a0 Documento recente com foto;<\/p>\n<p style=\"text-align: justify;\">&#8211;\u00a0 Preenchimento dos formul\u00e1rios de identifica\u00e7\u00e3o e consentimento;<\/p>\n<p>&#8211;\u00a0 Para agendar a coleta, entre em\u00a0contato conosco\u00a0<a href=\"\/contato\/\">aqui<\/a> ou ligue (11) 3288-1188.<\/p>\n<p><strong>Resultado:<\/strong><\/p>\n<p>&#8211; Resultados dispon\u00edveis em 15 dias \u00fateis.<\/p>\n<p><strong>Poss\u00edveis resultados:<\/strong><\/p>\n<p>&#8211;\u00a0 Confirma\u00e7\u00e3o de paternidade <strong>(99,9%);<\/strong><\/p>\n<p>&#8211;\u00a0 Exclus\u00e3o de paternidade <strong>(100%);<\/strong><\/p>\n<p style=\"text-align: justify;\">&#8211;\u00a0 DNA fetal circulante insuficiente para uma an\u00e1lise confi\u00e1vel &#8211; necess\u00e1ria nova coleta em um per\u00edodo mais tardio da gesta\u00e7\u00e3o e nova an\u00e1lise;<\/p>\n<p>Para saber o pre\u00e7o, entre em\u00a0contato conosco\u00a0<a href=\"\/contato\/\">aqui<\/a> ou ligue (11) 3288-1188.<\/p>\n<p>Para outras d\u00favidas voc\u00ea pode\u00a0acessar o nosso link de <a href=\"\/duvidas-frequentes\/\">FAQ<\/a>.<\/p>\n","protected":false},"excerpt":{"rendered":"<p>Exame de Paternidade Pr\u00e9-Natal N\u00e3o Invasivo No m\u00eas de maio de 2016 a Genomic lan\u00e7ou o exame DNA pr\u00e9-natal n\u00e3o invasivo. Resultado de mais de dezoito meses de trabalho dos nossos pesquisadores, trata-se de uma an\u00e1lise sofisticada e precoce que substitui o exame convencional realizado em material fetal obtido pela coleta do l\u00edquido amni\u00f3tico ou &#8230; <a title=\"DNA na gravidez n\u00e3o invasivo\" class=\"read-more\" href=\"https:\/\/genomic.com.br\/portal\/dna-na-gravidez-nao-invasivo\/\" aria-label=\"More on DNA na gravidez n\u00e3o invasivo\">Ler mais<\/a><\/p>\n","protected":false},"author":3,"featured_media":0,"parent":0,"menu_order":0,"comment_status":"closed","ping_status":"closed","template":"","meta":{"footnotes":""},"class_list":["post-3328","page","type-page","status-publish"],"_links":{"self":[{"href":"https:\/\/genomic.com.br\/portal\/wp-json\/wp\/v2\/pages\/3328","targetHints":{"allow":["GET"]}}],"collection":[{"href":"https:\/\/genomic.com.br\/portal\/wp-json\/wp\/v2\/pages"}],"about":[{"href":"https:\/\/genomic.com.br\/portal\/wp-json\/wp\/v2\/types\/page"}],"author":[{"embeddable":true,"href":"https:\/\/genomic.com.br\/portal\/wp-json\/wp\/v2\/users\/3"}],"replies":[{"embeddable":true,"href":"https:\/\/genomic.com.br\/portal\/wp-json\/wp\/v2\/comments?post=3328"}],"version-history":[{"count":32,"href":"https:\/\/genomic.com.br\/portal\/wp-json\/wp\/v2\/pages\/3328\/revisions"}],"predecessor-version":[{"id":4181,"href":"https:\/\/genomic.com.br\/portal\/wp-json\/wp\/v2\/pages\/3328\/revisions\/4181"}],"wp:attachment":[{"href":"https:\/\/genomic.com.br\/portal\/wp-json\/wp\/v2\/media?parent=3328"}],"curies":[{"name":"wp","href":"https:\/\/api.w.org\/{rel}","templated":true}]}}