{"id":3222,"date":"2016-07-27T17:44:22","date_gmt":"2016-07-27T20:44:22","guid":{"rendered":"\/?page_id=3222"},"modified":"2019-07-26T18:39:22","modified_gmt":"2019-07-26T21:39:22","slug":"cancer-de-mama-publicacoes","status":"publish","type":"page","link":"https:\/\/genomic.com.br\/portal\/cancer-de-mama-publicacoes\/","title":{"rendered":"C\u00e2ncer de Mama &#8211; Publica\u00e7\u00f5es"},"content":{"rendered":"<p style=\"text-align: justify;\"><strong>Mary-Claire King na Sociedade Europ\u00e9ia de Gen\u00e9tica Humana 2016<\/strong><\/p>\n<p style=\"text-align: justify;\">Sua vis\u00e3o da medicina gen\u00f4mica como um di\u00e1logo a ESHG 2016 em Barcelona, Espanha<\/p>\n<p style=\"text-align: justify;\"><sup><a href=\"http:\/\/blog.seracare.com\/home\/tabid\/294\/artmid\/989\/articleid\/42\/mary-claire-king-at-the-european-society-for-human-genetics-2016.aspx\" class=\"broken_link\">(http:\/\/blog.seracare.com\/home\/tabid\/294\/artmid\/989\/articleid\/42\/mary-claire-king-at-the-european-society-for-human-genetics-2016.aspx)<\/a><\/sup><\/p>\n<p style=\"text-align: justify;\">Publicado por Dale Yuzuki em 06 de junho de 2016<\/p>\n<p style=\"text-align: justify;\">Mary-Claire King \u00e9 Professora de ci\u00eancias do genoma e de Medicina (Gen\u00e9tica M\u00e9dica) da Universidade de Washington (Seattle, WA), que primeiro descreveu um \u00fanico gene no cromossomo 17q21 (que ela nomeou\u00a0 BRCA1) sendo respons\u00e1vel por c\u00e2ncer de mama e de ov\u00e1rio em muitas fam\u00edlias. Este trabalho, publicado na revista Science em 1990, tamb\u00e9m revolucionou o estudo de muitas outras doen\u00e7as monog\u00eanicas comuns herdadas na natureza, e levou \u00e0 descoberta de BRCA2. Ela, juntamente com o Dr. Jean Louis Mandel (descobridor da anomalia gen\u00e9tica respons\u00e1vel pela S\u00edndrome do X Fr\u00e1gil), participou de uma discuss\u00e3o plen\u00e1ria na recente confer\u00eancia da European Society for Human Genetics em Barcelona, ??Espanha em 21-24 de\u00a0maio de 2016, intitulada &#8220;A minha vis\u00e3o sobre a Medicina Gen\u00f4mica&#8221;.<\/p>\n<p style=\"text-align: justify;\"><img fetchpriority=\"high\" decoding=\"async\" class=\"alignleft size-large wp-image-3410\" src=\"https:\/\/genomic.com.br\/portal\/wp-content\/uploads\/2016\/07\/Mary_Claire_SEGH2016-1024x767.jpg\" alt=\"mary_claire_segh2016\" width=\"1024\" height=\"767\" srcset=\"https:\/\/genomic.com.br\/portal\/wp-content\/uploads\/2016\/07\/Mary_Claire_SEGH2016-1024x767.jpg 1024w, https:\/\/genomic.com.br\/portal\/wp-content\/uploads\/2016\/07\/Mary_Claire_SEGH2016-300x225.jpg 300w, https:\/\/genomic.com.br\/portal\/wp-content\/uploads\/2016\/07\/Mary_Claire_SEGH2016-768x575.jpg 768w, https:\/\/genomic.com.br\/portal\/wp-content\/uploads\/2016\/07\/Mary_Claire_SEGH2016-195x146.jpg 195w, https:\/\/genomic.com.br\/portal\/wp-content\/uploads\/2016\/07\/Mary_Claire_SEGH2016-50x37.jpg 50w, https:\/\/genomic.com.br\/portal\/wp-content\/uploads\/2016\/07\/Mary_Claire_SEGH2016-100x75.jpg 100w, https:\/\/genomic.com.br\/portal\/wp-content\/uploads\/2016\/07\/Mary_Claire_SEGH2016.jpg 1474w\" sizes=\"(max-width: 1024px) 100vw, 1024px\" \/><\/p>\n<p style=\"text-align: justify;\">Como hist\u00f3rico, muta\u00e7\u00f5es no <em>BRCA1 <\/em>e no <em>BRCA2<\/em> s\u00e3o respons\u00e1veispor 20-25 por cento dos c\u00e2nceres da mama heredit\u00e1rios e por 5-10 por cento de todos os c\u00e2nceres da mama.<\/p>\n<p style=\"text-align: justify;\">Al\u00e9m disso, essas muta\u00e7\u00f5es s\u00e3o respons\u00e1veis por cerca de 15 por cento de todos os c\u00e2nceres do ov\u00e1rio; de acordo com a American Cancer Society, em 2014 nos Estados Unidos, dos 235,000 novos casos de c\u00e2ncer de mama, <em>BRCA1<\/em>\/<em>2<\/em> expliquem de 12,000 a 23,000 novos casos; e dos 22,000 novos casos de c\u00e2ncer de ov\u00e1rio <em>BRCA1<\/em>\/<em>2<\/em> causam mais de 3,300 novos casos anuais.<\/p>\n<p style=\"text-align: justify;\">Ela come\u00e7ou seus coment\u00e1rios apontando para um trabalho de 2003 no <a href=\"http:\/\/www.ncbi.nlm.nih.gov\/pubmed\/12510043\"><em>New England Journal of Medicine (NEJM)<\/em><\/a> entitulado &#8220;Screening populacional na era da medicina gen\u00f4mica&#8221; (nota: o primeiro autor, Muin Khoury, \u00e9 o diretor fundador do Center for Disease Control\u2019s Office of Public Health Genomics). Ela descreveu quatro crit\u00e9rios para o rastreio na sa\u00fade p\u00fablica: resolver um problema importante de sa\u00fade p\u00fablica, o risco de doen\u00e7a \u00e9 alto, h\u00e1 uma capacidade de identificar com precis\u00e3o as muta\u00e7\u00f5es, e a presen\u00e7a de uma interven\u00e7\u00e3o eficaz. Um estudo de 2014 no <a href=\"http:\/\/www.ncbi.nlm.nih.gov\/pubmed\/25192939\"><em>Proceedings of the National Academy of Sciences (PNAS)<\/em><\/a> mostrou a efic\u00e1cia do rastreio populacional e risco para portadoras de <em>BRCA1<\/em>\/<em>2<\/em> com ou sem hist\u00f3rico familiar de doen\u00e7a.<\/p>\n<p style=\"text-align: justify;\">Para aqueles que possuem muta\u00e7\u00f5es delet\u00e9rias no <em>BRCA1<\/em>, &gt;80% ter\u00e3o c\u00e2ncer at\u00e9 os 70 anos de idade; e para muta\u00e7\u00f5es no <em>BRCA2<\/em>, a taxa \u00e9 &gt;70%. Este risco continua elevado mesmo se n\u00e3o h\u00e1 nenhum parente afetado; este trabalho \u00e9 um poderoso argumento a favor da triagem para identificar as numerosas portadoras que n\u00e3o s\u00e3o avaliadas devido \u00e0 falta de crit\u00e9rios de hist\u00f3rico fam\u00edliar.<\/p>\n<p style=\"text-align: justify;\">Em seguida, ela se referiu a uma publica\u00e7\u00e3o de 2002 no <a href=\"http:\/\/www.ncbi.nlm.nih.gov\/pubmed\/12023992\"><em>NEJM<\/em><\/a> que descreve que o risco de c\u00e2ncer da mama \u00e9 reduzido, mas n\u00e3o \u00e9 eliminado, com a cirurgia (salpingooforectomia, a remo\u00e7\u00e3o das trompas de fal\u00f3pio e ov\u00e1rios). A curva de Kaplan-Meier contida nesse trabalho (dispon\u00edvel on-line <a href=\"http:\/\/www.nejm.org\/doi\/full\/10.1056\/NEJMoa020119\" class=\"broken_link\">aqui<\/a>) demonstra a redu\u00e7\u00e3o dram\u00e1tica no risco de morte ao longo do tempo.<\/p>\n<p style=\"text-align: justify;\">Em muitas popula\u00e7\u00f5es, existem recentes, raras muta\u00e7\u00f5es no <em>BRCA1<\/em>\/<em>2<\/em> que n\u00e3o foram capazes de ser descobertas at\u00e9 o advento do sequenciamento de \u00faltima gera\u00e7\u00e3o.<\/p>\n<p style=\"text-align: justify;\">Dr. King concluiu sua palestra sobre o aproveitamento da fun\u00e7\u00e3o de <em>BRCA<\/em> e o uso de inibidores de poli ADP ribose polimerase (PARP) para tratamento. <em>BRCA1<\/em> and <em>BRCA2<\/em> (bem como <em>PALB2<\/em>) s\u00e3o prote\u00ednas importantes no reparo de quebras da cadeia dupla de DNA por repara\u00e7\u00e3o por recombina\u00e7\u00e3o hom\u00f3loga (RRH). Com os genes <em>BRCA<\/em> mutados, o mecanismo de reserva para o reparo do DNA \u00e9 PARP1, e ao inibir a fun\u00e7\u00e3o de PARP1, c\u00e9lulas cancerosas n\u00e3o ter\u00e3o seu DNA com quebras de cadeia dupla reparados eficientemente, conduzindo \u00e0 morte celular. Esta nova abordagem para o tratamento do c\u00e2ncer, chamado de &#8220;letalidade sint\u00e9tica&#8221;, foi significativa para a descoberta de uma nova terapia com poucos efeitos colaterais, aproveitando a atual compreens\u00e3o da biologia do c\u00e2ncer. No final de 2014, olparib foi aprovado para o tratamento de pacientes com muta\u00e7\u00f5es em <em>BRCA1<\/em> ou <em>BRCA2<\/em> na linha germinativa, com c\u00e2nceres da mama, do ov\u00e1rio ou da pr\u00f3stata.<\/p>\n<p style=\"text-align: justify;\">Por \u00faltimo Dr. King declarou: &#8220;Nenhuma mulher com uma muta\u00e7\u00e3o em <em>BRCA1<\/em>\/<em>2<\/em>&#8221; deve morrer de c\u00e2ncer, e prop\u00f4s que cada mulher deve ser oferecida o sequenciamento completo de <em>BRCA1<\/em>\/<em>2<\/em> aos 30 anos de idade como parte da rotina m\u00e9dica; e para aqueles indiv\u00edduos com hist\u00f3rico familiar significativo, o sequenciamento de todos os genes relacionados ao c\u00e2ncer do ov\u00e1rio e da mama deve ser oferecido. (Dr. King desenvolveu um teste compondo um painel de genes denominado BROCA na Universidade de Washington, mais informa\u00e7\u00f5es dispon\u00edveis <a href=\"http:\/\/web.labmed.washington.edu\/tests\/genetics\/BROCA\">aqui<\/a>).<\/p>\n<p style=\"text-align: justify;\">Na sess\u00e3o seguinte de Perguntas e Respostas, foi levantada a quest\u00e3o se outras triagens (por exemplo, mamografia) seriam substitu\u00eddas pela an\u00e1lise de <em>BRCA1<\/em>\/2; Dr. King opinou que a estratifica\u00e7\u00e3o da frequ\u00eancia de mamografia poderia ocorrer com base no status gen\u00e9tico.<\/p>\n<p style=\"text-align: justify;\">Uma outra quest\u00e3o estava centrada nas bases de dados e sua completude. Dr. King v\u00ea a necessidade de uma apenas para uso m\u00e9dico (onde apenas muta\u00e7\u00f5es &#8220;inquestionavelmente patog\u00eanicas\u201d s\u00e3o listadas) e uma outra para a utiliza\u00e7\u00e3o em pesquisa. Dando seguimento, uma vez que o banco de dados privado da Myriad compondo variantes em <em>BRCA<\/em> n\u00e3o \u00e9 acess\u00edvel (que abrange testes de <em>BRCA<\/em> realizados ao longo de 20 anos com mais de um milh\u00e3o de amostras analisadas), Dr. King observou que n\u00e3o h\u00e1 qualquer conhecimento sobre o desfecho da paciente ap\u00f3s a devolu\u00e7\u00e3o dos seus resultados dos testes gen\u00e9ticos.<\/p>\n<p style=\"text-align: justify;\">Outro trabalho (com v\u00eddeo): <a href=\"http:\/\/oncology.jamanetwork.com\/article.aspx?articleID=2490541%20\" class=\"broken_link\">http:\/\/oncology.jamanetwork.com\/article.aspx?articleID=2490541%20<\/a><\/p>\n<blockquote class=\"wp-embedded-content\" data-secret=\"bvrxPzJE5J\"><p><a href=\"https:\/\/www.statnews.com\/sponsor\/2019\/07\/24\/five-important-facts-about-genetic-testing-and-ovarian-cancer-diagnosis-and-treatment\/\">Five important facts about genetic testing and ovarian cancer diagnosis and treatment<\/a><\/p><\/blockquote>\n<p><iframe title=\"&#8220;Five important facts about genetic testing and ovarian cancer diagnosis and treatment&#8221; &#8212; STAT\" class=\"wp-embedded-content\" sandbox=\"allow-scripts\" security=\"restricted\" style=\"position: absolute; clip: rect(1px, 1px, 1px, 1px);\" src=\"https:\/\/www.statnews.com\/sponsor\/2019\/07\/24\/five-important-facts-about-genetic-testing-and-ovarian-cancer-diagnosis-and-treatment\/embed\/#?secret=bvrxPzJE5J\" data-secret=\"bvrxPzJE5J\" width=\"600\" height=\"338\" frameborder=\"0\" marginwidth=\"0\" marginheight=\"0\" scrolling=\"no\"><\/iframe><\/p>\n","protected":false},"excerpt":{"rendered":"<p>Mary-Claire King na Sociedade Europ\u00e9ia de Gen\u00e9tica Humana 2016 Sua vis\u00e3o da medicina gen\u00f4mica como um di\u00e1logo a ESHG 2016 em Barcelona, Espanha (http:\/\/blog.seracare.com\/home\/tabid\/294\/artmid\/989\/articleid\/42\/mary-claire-king-at-the-european-society-for-human-genetics-2016.aspx) Publicado por Dale Yuzuki em 06 de junho de 2016 Mary-Claire King \u00e9 Professora de ci\u00eancias do genoma e de Medicina (Gen\u00e9tica M\u00e9dica) da Universidade de Washington (Seattle, WA), que primeiro &#8230; <a title=\"C\u00e2ncer de Mama &#8211; Publica\u00e7\u00f5es\" class=\"read-more\" href=\"https:\/\/genomic.com.br\/portal\/cancer-de-mama-publicacoes\/\" aria-label=\"More on C\u00e2ncer de Mama &#8211; Publica\u00e7\u00f5es\">Ler mais<\/a><\/p>\n","protected":false},"author":3,"featured_media":0,"parent":0,"menu_order":0,"comment_status":"closed","ping_status":"closed","template":"","meta":{"footnotes":""},"class_list":["post-3222","page","type-page","status-publish"],"_links":{"self":[{"href":"https:\/\/genomic.com.br\/portal\/wp-json\/wp\/v2\/pages\/3222","targetHints":{"allow":["GET"]}}],"collection":[{"href":"https:\/\/genomic.com.br\/portal\/wp-json\/wp\/v2\/pages"}],"about":[{"href":"https:\/\/genomic.com.br\/portal\/wp-json\/wp\/v2\/types\/page"}],"author":[{"embeddable":true,"href":"https:\/\/genomic.com.br\/portal\/wp-json\/wp\/v2\/users\/3"}],"replies":[{"embeddable":true,"href":"https:\/\/genomic.com.br\/portal\/wp-json\/wp\/v2\/comments?post=3222"}],"version-history":[{"count":11,"href":"https:\/\/genomic.com.br\/portal\/wp-json\/wp\/v2\/pages\/3222\/revisions"}],"predecessor-version":[{"id":4126,"href":"https:\/\/genomic.com.br\/portal\/wp-json\/wp\/v2\/pages\/3222\/revisions\/4126"}],"wp:attachment":[{"href":"https:\/\/genomic.com.br\/portal\/wp-json\/wp\/v2\/media?parent=3222"}],"curies":[{"name":"wp","href":"https:\/\/api.w.org\/{rel}","templated":true}]}}