{"id":3012,"date":"2016-03-09T14:17:53","date_gmt":"2016-03-09T17:17:53","guid":{"rendered":"http:\/\/genomic.com.br\/portal\/?page_id=3012"},"modified":"2016-03-09T14:19:08","modified_gmt":"2016-03-09T17:19:08","slug":"sistema-de-quantificacao-de-dna-humano","status":"publish","type":"page","link":"https:\/\/genomic.com.br\/portal\/sistema-de-quantificacao-de-dna-humano\/","title":{"rendered":"Sistema de Quantifica\u00e7\u00e3o de DNA Humano"},"content":{"rendered":"<p>Fa\u00e7a<a href=\"\/wp-content\/uploads\/2016\/03\/Manualkitde-QuantificacaGenomicpara200reacoes.pdf\" target=\"_blank\"> aqui <\/a>o download\u00a0do manual.<\/p>\n<p>&nbsp;<\/p>\n<p>Amostras\u00a0 submetidas \u00a0 a\u00a0\u00a0 an\u00e1lises\u00a0\u00a0 forenses\u00a0\u00a0 \u00a0geralmente \u00a0\u00a0 se \u00a0\u00a0 encontram\u00a0\u00a0 com\u00a0 alto\u00a0 \u00a0grau \u00a0de decomposi\u00e7\u00e3o<\/p>\n<p>e \u00a0contaminadas\u00a0 por \u00a0microorganismos. Dessa\u00a0 forma, o \u00a0DNA\u00a0 purificado\u00a0 \u00a0de\u00a0 ossos, dentes e mand\u00edbulas\u00a0 \u00e9 \u00a0uma<\/p>\n<p>mistura\u00a0\u00a0 \u00a0de\u00a0\u00a0 \u00a0material\u00a0\u00a0 humano\u00a0\u00a0 e\u00a0\u00a0 bacteriano.\u00a0\u00a0 Para\u00a0\u00a0 contornar\u00a0 \u00a0esse\u00a0 \u00a0problema,\u00a0\u00a0 a\u00a0\u00a0 GENOMIC\u00a0 desenvolveu<\/p>\n<p>um\u00a0 sistema\u00a0\u00a0 de\u00a0 \u00a0quantifica\u00e7\u00e3o\u00a0\u00a0 espec\u00edfico\u00a0\u00a0 para\u00a0 DNA humano atrav\u00e9s de PCR em tempo real.<\/p>\n<p>&nbsp;<\/p>\n<p><strong>*\u00a0 Qu\u00edmica baseada na utiliza\u00e7\u00e3o de anti-primers ligados a &#8220;quenchers&#8221; BHQs<\/strong><\/p>\n<p>&nbsp;<\/p>\n<p><img fetchpriority=\"high\" decoding=\"async\" class=\"alignnone wp-image-3018 size-full\" src=\"https:\/\/genomic.com.br\/portal\/wp-content\/uploads\/2016\/03\/Quantificacao2020Figura1.jpg\" alt=\"Quantificacao%20%20Figura1\" width=\"598\" height=\"426\" srcset=\"https:\/\/genomic.com.br\/portal\/wp-content\/uploads\/2016\/03\/Quantificacao2020Figura1.jpg 598w, https:\/\/genomic.com.br\/portal\/wp-content\/uploads\/2016\/03\/Quantificacao2020Figura1-300x214.jpg 300w, https:\/\/genomic.com.br\/portal\/wp-content\/uploads\/2016\/03\/Quantificacao2020Figura1-205x146.jpg 205w, https:\/\/genomic.com.br\/portal\/wp-content\/uploads\/2016\/03\/Quantificacao2020Figura1-50x36.jpg 50w, https:\/\/genomic.com.br\/portal\/wp-content\/uploads\/2016\/03\/Quantificacao2020Figura1-105x75.jpg 105w\" sizes=\"(max-width: 598px) 100vw, 598px\" \/><\/p>\n<p>&nbsp;<\/p>\n<p><strong>*\u00a0 Quantifica no mesmo tubo material autoss\u00f4mico e espec\u00edfico para o Cromossomo Y<\/strong><\/p>\n<p>&nbsp;<\/p>\n<p><img decoding=\"async\" class=\"alignnone wp-image-3019 size-full\" src=\"https:\/\/genomic.com.br\/portal\/wp-content\/uploads\/2016\/03\/Quantificacao2020Figura2a.jpg\" alt=\"Quantificacao%20%20Figura2a\" width=\"725\" height=\"646\" srcset=\"https:\/\/genomic.com.br\/portal\/wp-content\/uploads\/2016\/03\/Quantificacao2020Figura2a.jpg 725w, https:\/\/genomic.com.br\/portal\/wp-content\/uploads\/2016\/03\/Quantificacao2020Figura2a-300x267.jpg 300w, https:\/\/genomic.com.br\/portal\/wp-content\/uploads\/2016\/03\/Quantificacao2020Figura2a-164x146.jpg 164w, https:\/\/genomic.com.br\/portal\/wp-content\/uploads\/2016\/03\/Quantificacao2020Figura2a-50x45.jpg 50w, https:\/\/genomic.com.br\/portal\/wp-content\/uploads\/2016\/03\/Quantificacao2020Figura2a-84x75.jpg 84w\" sizes=\"(max-width: 725px) 100vw, 725px\" \/><\/p>\n<p>&nbsp;<\/p>\n<p><strong>*\u00a0 Controle interno que permite a detec\u00e7\u00e3o de inibidores na rea\u00e7\u00e3o<\/strong><\/p>\n<p>&nbsp;<\/p>\n<p><img decoding=\"async\" class=\"alignnone wp-image-3013 size-full\" src=\"https:\/\/genomic.com.br\/portal\/wp-content\/uploads\/2016\/03\/Quantificacao2020Figura3.jpg\" alt=\"Quantificacao%20%20Figura3\" width=\"484\" height=\"375\" srcset=\"https:\/\/genomic.com.br\/portal\/wp-content\/uploads\/2016\/03\/Quantificacao2020Figura3.jpg 484w, https:\/\/genomic.com.br\/portal\/wp-content\/uploads\/2016\/03\/Quantificacao2020Figura3-300x232.jpg 300w, https:\/\/genomic.com.br\/portal\/wp-content\/uploads\/2016\/03\/Quantificacao2020Figura3-188x146.jpg 188w, https:\/\/genomic.com.br\/portal\/wp-content\/uploads\/2016\/03\/Quantificacao2020Figura3-50x39.jpg 50w, https:\/\/genomic.com.br\/portal\/wp-content\/uploads\/2016\/03\/Quantificacao2020Figura3-97x75.jpg 97w\" sizes=\"(max-width: 484px) 100vw, 484px\" \/><\/p>\n<p>&nbsp;<\/p>\n<p><strong>Interpreta\u00e7\u00e3o:<\/strong><\/p>\n<p>&nbsp;<\/p>\n<p><img loading=\"lazy\" decoding=\"async\" class=\"alignnone wp-image-3015 size-full\" src=\"https:\/\/genomic.com.br\/portal\/wp-content\/uploads\/2016\/03\/Quantificacao20Figura4.jpg\" alt=\"Quantificacao%20Figura4\" width=\"616\" height=\"217\" srcset=\"https:\/\/genomic.com.br\/portal\/wp-content\/uploads\/2016\/03\/Quantificacao20Figura4.jpg 616w, https:\/\/genomic.com.br\/portal\/wp-content\/uploads\/2016\/03\/Quantificacao20Figura4-300x106.jpg 300w, https:\/\/genomic.com.br\/portal\/wp-content\/uploads\/2016\/03\/Quantificacao20Figura4-260x92.jpg 260w, https:\/\/genomic.com.br\/portal\/wp-content\/uploads\/2016\/03\/Quantificacao20Figura4-50x18.jpg 50w, https:\/\/genomic.com.br\/portal\/wp-content\/uploads\/2016\/03\/Quantificacao20Figura4-150x53.jpg 150w\" sizes=\"(max-width: 616px) 100vw, 616px\" \/><\/p>\n<p>&nbsp;<\/p>\n<p><strong>*\u00a0 Controle interno na presen\u00e7a do inibidor Hematina<\/strong><\/p>\n<p>&nbsp;<\/p>\n<p><img loading=\"lazy\" decoding=\"async\" class=\"alignnone wp-image-3016 size-full\" src=\"https:\/\/genomic.com.br\/portal\/wp-content\/uploads\/2016\/03\/Quantificacao20Figura5.jpg\" alt=\"Quantificacao%20Figura5\" width=\"860\" height=\"515\" srcset=\"https:\/\/genomic.com.br\/portal\/wp-content\/uploads\/2016\/03\/Quantificacao20Figura5.jpg 860w, https:\/\/genomic.com.br\/portal\/wp-content\/uploads\/2016\/03\/Quantificacao20Figura5-300x180.jpg 300w, https:\/\/genomic.com.br\/portal\/wp-content\/uploads\/2016\/03\/Quantificacao20Figura5-768x460.jpg 768w, https:\/\/genomic.com.br\/portal\/wp-content\/uploads\/2016\/03\/Quantificacao20Figura5-244x146.jpg 244w, https:\/\/genomic.com.br\/portal\/wp-content\/uploads\/2016\/03\/Quantificacao20Figura5-50x30.jpg 50w, https:\/\/genomic.com.br\/portal\/wp-content\/uploads\/2016\/03\/Quantificacao20Figura5-125x75.jpg 125w\" sizes=\"(max-width: 860px) 100vw, 860px\" \/><\/p>\n<p>&nbsp;<\/p>\n<p><strong>*\u00a0 Controle interno na presen\u00e7a do inibidor \u00c1cido H\u00famico<\/strong><\/p>\n<p><img loading=\"lazy\" decoding=\"async\" class=\"alignnone wp-image-3014 size-full\" src=\"https:\/\/genomic.com.br\/portal\/wp-content\/uploads\/2016\/03\/Quantificacao2020Figura6.jpg\" alt=\"Quantificacao%20%20Figura6\" width=\"865\" height=\"456\" srcset=\"https:\/\/genomic.com.br\/portal\/wp-content\/uploads\/2016\/03\/Quantificacao2020Figura6.jpg 865w, https:\/\/genomic.com.br\/portal\/wp-content\/uploads\/2016\/03\/Quantificacao2020Figura6-300x158.jpg 300w, https:\/\/genomic.com.br\/portal\/wp-content\/uploads\/2016\/03\/Quantificacao2020Figura6-768x405.jpg 768w, https:\/\/genomic.com.br\/portal\/wp-content\/uploads\/2016\/03\/Quantificacao2020Figura6-260x137.jpg 260w, https:\/\/genomic.com.br\/portal\/wp-content\/uploads\/2016\/03\/Quantificacao2020Figura6-50x26.jpg 50w, https:\/\/genomic.com.br\/portal\/wp-content\/uploads\/2016\/03\/Quantificacao2020Figura6-142x75.jpg 142w\" sizes=\"(max-width: 865px) 100vw, 865px\" \/><\/p>\n","protected":false},"excerpt":{"rendered":"<p>Fa\u00e7a aqui o download\u00a0do manual. &nbsp; Amostras\u00a0 submetidas \u00a0 a\u00a0\u00a0 an\u00e1lises\u00a0\u00a0 forenses\u00a0\u00a0 \u00a0geralmente \u00a0\u00a0 se \u00a0\u00a0 encontram\u00a0\u00a0 com\u00a0 alto\u00a0 \u00a0grau \u00a0de decomposi\u00e7\u00e3o e \u00a0contaminadas\u00a0 por \u00a0microorganismos. Dessa\u00a0 forma, o \u00a0DNA\u00a0 purificado\u00a0 \u00a0de\u00a0 ossos, dentes e mand\u00edbulas\u00a0 \u00e9 \u00a0uma mistura\u00a0\u00a0 \u00a0de\u00a0\u00a0 \u00a0material\u00a0\u00a0 humano\u00a0\u00a0 e\u00a0\u00a0 bacteriano.\u00a0\u00a0 Para\u00a0\u00a0 contornar\u00a0 \u00a0esse\u00a0 \u00a0problema,\u00a0\u00a0 a\u00a0\u00a0 GENOMIC\u00a0 desenvolveu um\u00a0 sistema\u00a0\u00a0 de\u00a0 \u00a0quantifica\u00e7\u00e3o\u00a0\u00a0 &#8230; <a title=\"Sistema de Quantifica\u00e7\u00e3o de DNA Humano\" class=\"read-more\" href=\"https:\/\/genomic.com.br\/portal\/sistema-de-quantificacao-de-dna-humano\/\" aria-label=\"More on Sistema de Quantifica\u00e7\u00e3o de DNA Humano\">Ler mais<\/a><\/p>\n","protected":false},"author":2,"featured_media":0,"parent":0,"menu_order":0,"comment_status":"closed","ping_status":"closed","template":"","meta":{"footnotes":""},"class_list":["post-3012","page","type-page","status-publish"],"_links":{"self":[{"href":"https:\/\/genomic.com.br\/portal\/wp-json\/wp\/v2\/pages\/3012","targetHints":{"allow":["GET"]}}],"collection":[{"href":"https:\/\/genomic.com.br\/portal\/wp-json\/wp\/v2\/pages"}],"about":[{"href":"https:\/\/genomic.com.br\/portal\/wp-json\/wp\/v2\/types\/page"}],"author":[{"embeddable":true,"href":"https:\/\/genomic.com.br\/portal\/wp-json\/wp\/v2\/users\/2"}],"replies":[{"embeddable":true,"href":"https:\/\/genomic.com.br\/portal\/wp-json\/wp\/v2\/comments?post=3012"}],"version-history":[{"count":3,"href":"https:\/\/genomic.com.br\/portal\/wp-json\/wp\/v2\/pages\/3012\/revisions"}],"predecessor-version":[{"id":3022,"href":"https:\/\/genomic.com.br\/portal\/wp-json\/wp\/v2\/pages\/3012\/revisions\/3022"}],"wp:attachment":[{"href":"https:\/\/genomic.com.br\/portal\/wp-json\/wp\/v2\/media?parent=3012"}],"curies":[{"name":"wp","href":"https:\/\/api.w.org\/{rel}","templated":true}]}}