{"id":2952,"date":"2016-03-07T17:00:18","date_gmt":"2016-03-07T20:00:18","guid":{"rendered":"http:\/\/genomic.com.br\/portal\/?page_id=2952"},"modified":"2017-05-15T19:09:08","modified_gmt":"2017-05-15T22:09:08","slug":"sobrepeso-e-obesidade","status":"publish","type":"page","link":"https:\/\/genomic.com.br\/portal\/sobrepeso-e-obesidade\/","title":{"rendered":"Sobrepeso e Obesidade"},"content":{"rendered":"<p style=\"text-align: justify;\">Este teste tra\u00e7a um perfil gen\u00e9tico associado ao sobrepeso e \u00e0 obesidade, predisposi\u00e7\u00e3o para o diabetes tipo II e doen\u00e7as cardiovasculares. Seis variantes gen\u00e9ticas em cinco genes (<em>PPAR<\/em><em>g<\/em><em>, APOA5, ADRB3, MC4R e FTO<\/em>) que conferem uma predisposi\u00e7\u00e3o aumentada de desenvolver sobrepeso e obesidade s\u00e3o analisadas. Os genes da obesidade podem exercer os seus efeitos das seguintes formas:<\/p>\n<p>&nbsp;<\/p>\n<p style=\"text-align: justify;\">&#8211; Alterando o controle da saciedade: os genes <em>MC4R <\/em>(receptor da melanocortina 4) e<em> FTO (Fat Mass and Obesity Associated<\/em>) est\u00e3o expressos no hipot\u00e1lamo e regulam a homeostase energ\u00e9tica atrav\u00e9s do controle do apetite. Estudos demonstram que as varia\u00e7\u00f5es encontradas nesses genes est\u00e3o diretamente relacionadas com um maior ac\u00famulo de gordura corporal, a uma postura de consumir alimentos com alta densidade energ\u00e9tica, ao maior risco para obesidade, predisposi\u00e7\u00e3o ao diabetes mellitus tipo 2 e maior incid\u00eancia de obesidade infantil;<\/p>\n<p style=\"text-align: justify;\">&#8211; Regulando o metabolismo de lip\u00eddios: a apoliprote\u00edna A5 est\u00e1 diretamente envolvida no transporte e regula\u00e7\u00e3o da concentra\u00e7\u00e3o de triglic\u00e9rides do plasma. Os polimorfismos no gene <em>APOA5<\/em> est\u00e3o relacionados ao metabolismo lip\u00eddico mais lento, ao aumento do risco para doen\u00e7a coronariana e para aterosclerose e \u00e0 hiperlipidemia familiar;<\/p>\n<p style=\"text-align: justify;\">&#8211; Alterando os gastos energ\u00e9ticos do organismo e a forma como o organismo processa os nutrientes: o gene <em>ADRB3<\/em> afeta principalmente a lip\u00f3lise e suas variantes vem sendo associadas \u00e0 s\u00edndrome metab\u00f3lica e \u00e0 obesidade, predisposi\u00e7\u00e3o para hiperuricemia (risco 3 vezes maior) e aumento do risco para doen\u00e7a coronariana em mulheres;<\/p>\n<p style=\"text-align: justify;\">&#8211; Alterando a adipog\u00eanese e o metabolismo dos adip\u00f3citos: o gene <em>PPAR<\/em><em>g<\/em> desempenha v\u00e1rios pap\u00e9is funcionais em diferentes \u00f3rg\u00e3os e tecidos, onde atua de maneira cr\u00edtica na regula\u00e7\u00e3o da diferencia\u00e7\u00e3o dos adip\u00f3citos e promo\u00e7\u00e3o de ac\u00famulo de l\u00edpidios no tecido adiposo. Basicamente, este gene promove o armazenamento de gordura, influencia a sensibilidade \u00e0 insulina e, consequentemente, a capta\u00e7\u00e3o de glicose no tecido adiposo e m\u00fasculo esquel\u00e9tico. A muta\u00e7\u00e3o mais encontrada na prote\u00edna PPARg \u00e9 a Pro12Ala que tem sido associado com a redu\u00e7\u00e3o do peso e com a melhora da sensibilidade \u00e0 insulina, conferindo um efeito protetor para o desenvolvimento do diabetes tipo 2.<\/p>\n<p>&nbsp;<\/p>\n<p style=\"text-align: justify;\">Este perfil auxilia o m\u00e9dico a individualizar o tratamento ap\u00f3s o diagn\u00f3stico cl\u00ednico de sobrepeso e obesidade. Desta maneira, o m\u00e9dico ou profissional de sa\u00fade poder\u00e1 adaptar a dieta, as atividades f\u00edsicas ou o tratamento adequado para que o indiv\u00edduo gerencie o seu peso e comorbidades com mais efici\u00eancia<em>.<\/em><\/p>\n<p>&nbsp;<\/p>\n<p style=\"text-align: justify;\"><span style=\"color: #800000;\"><strong>Metodologia:<\/strong> <\/span><\/p>\n<p style=\"text-align: justify;\">Isolamento do DNA gen\u00f4mico de leuc\u00f3citos. Amplifica\u00e7\u00e3o por PCR e minisequenciamento das regi\u00f5es de DNA associadas \u00e0 obesidade, presentes nos genes <em>PPAR<\/em><em>g<\/em><em>, APOA5, ADRB3, MC4R e FTO<\/em> (seis variantes s\u00e3o analisados)<em>.<\/em><\/p>\n<p>&nbsp;<\/p>\n<p style=\"text-align: justify;\"><strong><span style=\"color: #800000;\">Coleta:<\/span><\/strong><\/p>\n<p style=\"text-align: justify;\">Para realizar o exame \u00e9 necess\u00e1ria a coleta de sangue perif\u00e9rico ou de saliva em coletor especial (deve ser requisitado \u00e0 Genomic).<\/p>\n<p>&nbsp;<\/p>\n<p style=\"text-align: justify;\"><span style=\"color: #800000;\"><strong>Prazos:<\/strong> <\/span><\/p>\n<p style=\"text-align: justify;\">Os resultados s\u00e3o enviados em 15 dias \u00fateis, contados a partir da data do recebimento do material.<\/p>\n<p>&nbsp;<\/p>\n<p>Para maiores informa\u00e7\u00f5es e valores\u00a0entre em <a href=\"https:\/\/genomic.com.br\/portal\/contato\/\">contato<\/a> com a Genomic.<\/p>\n<p>&nbsp;<\/p>\n","protected":false},"excerpt":{"rendered":"<p>Este teste tra\u00e7a um perfil gen\u00e9tico associado ao sobrepeso e \u00e0 obesidade, predisposi\u00e7\u00e3o para o diabetes tipo II e doen\u00e7as cardiovasculares. Seis variantes gen\u00e9ticas em cinco genes (PPARg, APOA5, ADRB3, MC4R e FTO) que conferem uma predisposi\u00e7\u00e3o aumentada de desenvolver sobrepeso e obesidade s\u00e3o analisadas. Os genes da obesidade podem exercer os seus efeitos das &#8230; <a title=\"Sobrepeso e Obesidade\" class=\"read-more\" href=\"https:\/\/genomic.com.br\/portal\/sobrepeso-e-obesidade\/\" aria-label=\"More on Sobrepeso e Obesidade\">Ler mais<\/a><\/p>\n","protected":false},"author":2,"featured_media":0,"parent":0,"menu_order":0,"comment_status":"closed","ping_status":"closed","template":"","meta":{"footnotes":""},"class_list":["post-2952","page","type-page","status-publish"],"_links":{"self":[{"href":"https:\/\/genomic.com.br\/portal\/wp-json\/wp\/v2\/pages\/2952","targetHints":{"allow":["GET"]}}],"collection":[{"href":"https:\/\/genomic.com.br\/portal\/wp-json\/wp\/v2\/pages"}],"about":[{"href":"https:\/\/genomic.com.br\/portal\/wp-json\/wp\/v2\/types\/page"}],"author":[{"embeddable":true,"href":"https:\/\/genomic.com.br\/portal\/wp-json\/wp\/v2\/users\/2"}],"replies":[{"embeddable":true,"href":"https:\/\/genomic.com.br\/portal\/wp-json\/wp\/v2\/comments?post=2952"}],"version-history":[{"count":17,"href":"https:\/\/genomic.com.br\/portal\/wp-json\/wp\/v2\/pages\/2952\/revisions"}],"predecessor-version":[{"id":3628,"href":"https:\/\/genomic.com.br\/portal\/wp-json\/wp\/v2\/pages\/2952\/revisions\/3628"}],"wp:attachment":[{"href":"https:\/\/genomic.com.br\/portal\/wp-json\/wp\/v2\/media?parent=2952"}],"curies":[{"name":"wp","href":"https:\/\/api.w.org\/{rel}","templated":true}]}}