{"id":2925,"date":"2016-03-07T15:08:03","date_gmt":"2016-03-07T18:08:03","guid":{"rendered":"http:\/\/genomic.com.br\/portal\/?page_id=2925"},"modified":"2017-01-11T16:49:10","modified_gmt":"2017-01-11T19:49:10","slug":"exumacao","status":"publish","type":"page","link":"https:\/\/genomic.com.br\/portal\/exumacao\/","title":{"rendered":"Exuma\u00e7\u00e3o"},"content":{"rendered":"<p style=\"text-align: justify;\">Com o avan\u00e7o e aperfei\u00e7oamento das t\u00e9cnicas de gen\u00e9tica molecular \u00e9 poss\u00edvel recuperar o DNA de restos mortais humanos. A exuma\u00e7\u00e3o \u00e9 poss\u00edvel e \u00fatil em casos de identifica\u00e7\u00e3o m\u00e9dico-legal do cad\u00e1ver.<\/p>\n<p>\n&nbsp;<\/p>\n<p style=\"text-align: justify;\">Pode ser tamb\u00e9m solicitada judicialmente para determina\u00e7\u00e3o de v\u00ednculo gen\u00e9tico (paternidade\/maternidade) quando o indiv\u00edduo falecido n\u00e3o possui familiares de primeiro grau vivos ou quando \u00e9 imposs\u00edvel a reconstru\u00e7\u00e3o do perfil gen\u00e9tico do mesmo pela an\u00e1lise de seus ascendentes e descendentes. Ou, ainda, em situa\u00e7\u00f5es em que os seus familiares se recusam a participar da per\u00edcia.<\/p>\n<p>&nbsp;<\/p>\n<p style=\"text-align: justify;\">A Genomic tem grande experi\u00eancia com estudos <em>post-mortem<\/em> e o maior \u00edndice de sucesso nas per\u00edcias com ossos (carbonizados ou n\u00e3o) ou dentes. Para exames em material cadav\u00e9rico a Genomic solicita uma das seguintes pe\u00e7as relacionadas abaixo: (prefer\u00eancia pela 1\u00aa op\u00e7\u00e3o)<\/p>\n<p>&nbsp;<\/p>\n<p><strong>1\u00ba F\u00eamur<\/strong><\/p>\n<p><strong>2\u00ba Arcada dent\u00e1ria inferior<\/strong><\/p>\n<p><strong>3\u00ba Dentes molares (\u00edntegros, sem obtura\u00e7\u00e3o)<\/strong><\/p>\n<p>&nbsp;<\/p>\n<p style=\"text-align: justify;\">A Genomic conta com o servi\u00e7o de dilig\u00eancia, onde um perito do nosso laborat\u00f3rio acompanha a exuma\u00e7\u00e3o, a fim de orientar, documentar e separar o material correto para an\u00e1lise. O perito realiza a coleta de sangue das partes (requerentes e familiares, se necess\u00e1rio) no mesmo dia.<\/p>\n<p>\n&nbsp;<\/p>\n<p style=\"text-align: justify;\">O prazo da per\u00edcia ser\u00e1 de 50 (cinquenta) dias \u00fateis, contados a partir da data do recebimento do material e da documenta\u00e7\u00e3o completa.<\/p>\n<p>&nbsp;<\/p>\n<p>[icon type=&#8221;icon-phone&#8221;] Para maiores informa\u00e7\u00f5es e valores entre em <a href=\"\/contato\/\">contato<\/a> com a Genomic.<\/p>\n","protected":false},"excerpt":{"rendered":"<p>Com o avan\u00e7o e aperfei\u00e7oamento das t\u00e9cnicas de gen\u00e9tica molecular \u00e9 poss\u00edvel recuperar o DNA de restos mortais humanos. A exuma\u00e7\u00e3o \u00e9 poss\u00edvel e \u00fatil em casos de identifica\u00e7\u00e3o m\u00e9dico-legal do cad\u00e1ver. &nbsp; Pode ser tamb\u00e9m solicitada judicialmente para determina\u00e7\u00e3o de v\u00ednculo gen\u00e9tico (paternidade\/maternidade) quando o indiv\u00edduo falecido n\u00e3o possui familiares de primeiro grau vivos &#8230; <a title=\"Exuma\u00e7\u00e3o\" class=\"read-more\" href=\"https:\/\/genomic.com.br\/portal\/exumacao\/\" aria-label=\"More on Exuma\u00e7\u00e3o\">Ler mais<\/a><\/p>\n","protected":false},"author":2,"featured_media":0,"parent":0,"menu_order":0,"comment_status":"closed","ping_status":"closed","template":"","meta":{"footnotes":""},"class_list":["post-2925","page","type-page","status-publish"],"_links":{"self":[{"href":"https:\/\/genomic.com.br\/portal\/wp-json\/wp\/v2\/pages\/2925","targetHints":{"allow":["GET"]}}],"collection":[{"href":"https:\/\/genomic.com.br\/portal\/wp-json\/wp\/v2\/pages"}],"about":[{"href":"https:\/\/genomic.com.br\/portal\/wp-json\/wp\/v2\/types\/page"}],"author":[{"embeddable":true,"href":"https:\/\/genomic.com.br\/portal\/wp-json\/wp\/v2\/users\/2"}],"replies":[{"embeddable":true,"href":"https:\/\/genomic.com.br\/portal\/wp-json\/wp\/v2\/comments?post=2925"}],"version-history":[{"count":6,"href":"https:\/\/genomic.com.br\/portal\/wp-json\/wp\/v2\/pages\/2925\/revisions"}],"predecessor-version":[{"id":3570,"href":"https:\/\/genomic.com.br\/portal\/wp-json\/wp\/v2\/pages\/2925\/revisions\/3570"}],"wp:attachment":[{"href":"https:\/\/genomic.com.br\/portal\/wp-json\/wp\/v2\/media?parent=2925"}],"curies":[{"name":"wp","href":"https:\/\/api.w.org\/{rel}","templated":true}]}}