{"id":2922,"date":"2016-02-29T11:50:38","date_gmt":"2016-02-29T14:50:38","guid":{"rendered":"http:\/\/genomic.com.br\/portal\/?page_id=2922"},"modified":"2016-02-29T11:51:07","modified_gmt":"2016-02-29T14:51:07","slug":"snps-e-dips","status":"publish","type":"page","link":"https:\/\/genomic.com.br\/portal\/snps-e-dips\/","title":{"rendered":"SNPs e DIPs"},"content":{"rendered":"<h4>SNPs e DIPs \/ INDELs<\/h4>\n<p>&nbsp;<\/p>\n<p>Marcadores gen\u00e9ticos s\u00e3o definidos como elementos no DNA capazes de distinguir e caracterizar um indiv\u00edduo e que s\u00e3o transmitidos aos descendentes. Os <em>STRs<\/em> (do ingl\u00eas, <em>Short Tandem Repeats<\/em>) s\u00e3o os marcadores mais comumente utilizados em exames de v\u00ednculo gen\u00e9tico. Entretanto, em casos cujas amostras apresentam alto grau de decomposi\u00e7\u00e3o faz-se necess\u00e1rio o uso de marcadores alternativos como <em>SNPs<\/em> e <em>INDELs<\/em>.<\/p>\n<p>&nbsp;<\/p>\n<p>Os <em>SNPs<\/em> (do ingl\u00eas, <em>Single Nucleotide Polymorphism<\/em>) s\u00e3o varia\u00e7\u00f5es pontuais encontradas ao longo do DNA, isto \u00e9, s\u00e3o diferen\u00e7as num \u00fanico nucleot\u00eddeo. J\u00e1 os polimorfismos de inser\u00e7\u00e3o e dele\u00e7\u00e3o (<em>INDEL<\/em>: de INser\u00e7\u00f5es e DELe\u00e7\u00f5es) s\u00e3o trechos de dois ou mais nucleot\u00eddeos que podem estar presentes (inser\u00e7\u00e3o) ou ausentes (dele\u00e7\u00e3o) nas fitas de DNA de um indiv\u00edduo. Ambos s\u00e3o frequentes no genoma humano e apresentam distintas vantagens em estudos forenses e populacionais.<\/p>\n<p>&nbsp;<\/p>\n<p>A GENOMIC disp\u00f5e de pain\u00e9is de 70\u00a0<em>SNPs<\/em> e de 40 <em>INDELs<\/em> para a resolu\u00e7\u00e3o de casos forenses ou em situa\u00e7\u00f5es cujos marcadores tradicionais suscitem d\u00favidas no resultado final.<\/p>\n","protected":false},"excerpt":{"rendered":"<p>SNPs e DIPs \/ INDELs &nbsp; Marcadores gen\u00e9ticos s\u00e3o definidos como elementos no DNA capazes de distinguir e caracterizar um indiv\u00edduo e que s\u00e3o transmitidos aos descendentes. Os STRs (do ingl\u00eas, Short Tandem Repeats) s\u00e3o os marcadores mais comumente utilizados em exames de v\u00ednculo gen\u00e9tico. Entretanto, em casos cujas amostras apresentam alto grau de decomposi\u00e7\u00e3o &#8230; <a title=\"SNPs e DIPs\" class=\"read-more\" href=\"https:\/\/genomic.com.br\/portal\/snps-e-dips\/\" aria-label=\"More on SNPs e DIPs\">Ler mais<\/a><\/p>\n","protected":false},"author":2,"featured_media":0,"parent":0,"menu_order":0,"comment_status":"closed","ping_status":"closed","template":"","meta":{"footnotes":""},"class_list":["post-2922","page","type-page","status-publish"],"_links":{"self":[{"href":"https:\/\/genomic.com.br\/portal\/wp-json\/wp\/v2\/pages\/2922","targetHints":{"allow":["GET"]}}],"collection":[{"href":"https:\/\/genomic.com.br\/portal\/wp-json\/wp\/v2\/pages"}],"about":[{"href":"https:\/\/genomic.com.br\/portal\/wp-json\/wp\/v2\/types\/page"}],"author":[{"embeddable":true,"href":"https:\/\/genomic.com.br\/portal\/wp-json\/wp\/v2\/users\/2"}],"replies":[{"embeddable":true,"href":"https:\/\/genomic.com.br\/portal\/wp-json\/wp\/v2\/comments?post=2922"}],"version-history":[{"count":2,"href":"https:\/\/genomic.com.br\/portal\/wp-json\/wp\/v2\/pages\/2922\/revisions"}],"predecessor-version":[{"id":2924,"href":"https:\/\/genomic.com.br\/portal\/wp-json\/wp\/v2\/pages\/2922\/revisions\/2924"}],"wp:attachment":[{"href":"https:\/\/genomic.com.br\/portal\/wp-json\/wp\/v2\/media?parent=2922"}],"curies":[{"name":"wp","href":"https:\/\/api.w.org\/{rel}","templated":true}]}}