{"id":2920,"date":"2016-02-29T11:47:00","date_gmt":"2016-02-29T14:47:00","guid":{"rendered":"http:\/\/genomic.com.br\/portal\/?page_id=2920"},"modified":"2017-01-11T16:39:47","modified_gmt":"2017-01-11T19:39:47","slug":"outros-materiais","status":"publish","type":"page","link":"https:\/\/genomic.com.br\/portal\/outros-materiais\/","title":{"rendered":"Outros Materiais"},"content":{"rendered":"<p>Materiais como cord\u00e3o umbilical, bituca de cigarro, chiclete, canudo, seringas e muitos outros podem servir como fonte de amostra de material biol\u00f3gico.<\/p>\n<p>&nbsp;<\/p>\n<p>De acordo com as condi\u00e7\u00f5es do material \u00e9 poss\u00edvel obter o DNA nuclear e fazer a an\u00e1lise de marcadores de microssat\u00e9lites, podendo ser utilizado para identifica\u00e7\u00e3o individual, determinar a paternidade ou a maternidade.<\/p>\n<p>&nbsp;<\/p>\n<p>Se o material apresentar um alto grau de degrada\u00e7\u00e3o, \u00e9 poss\u00edvel realizar a an\u00e1lise do DNA mitocondrial. Neste caso, fica exclu\u00edda a possibilidade de realizar investiga\u00e7\u00e3o de paternidade.<\/p>\n<p>&nbsp;<\/p>\n<p>O prazo de entrega do laudo depender\u00e1 do material analisado.<\/p>\n<p>&nbsp;<\/p>\n<p>[icon type=&#8221;icon-phone&#8221;] Para maiores informa\u00e7\u00f5es e valores entre em <a href=\"\/contato\/\">contato<\/a> com a Genomic.<\/p>\n","protected":false},"excerpt":{"rendered":"<p>Materiais como cord\u00e3o umbilical, bituca de cigarro, chiclete, canudo, seringas e muitos outros podem servir como fonte de amostra de material biol\u00f3gico. &nbsp; De acordo com as condi\u00e7\u00f5es do material \u00e9 poss\u00edvel obter o DNA nuclear e fazer a an\u00e1lise de marcadores de microssat\u00e9lites, podendo ser utilizado para identifica\u00e7\u00e3o individual, determinar a paternidade ou a &#8230; <a title=\"Outros Materiais\" class=\"read-more\" href=\"https:\/\/genomic.com.br\/portal\/outros-materiais\/\" aria-label=\"More on Outros Materiais\">Ler mais<\/a><\/p>\n","protected":false},"author":2,"featured_media":0,"parent":0,"menu_order":0,"comment_status":"closed","ping_status":"closed","template":"","meta":{"footnotes":""},"class_list":["post-2920","page","type-page","status-publish"],"_links":{"self":[{"href":"https:\/\/genomic.com.br\/portal\/wp-json\/wp\/v2\/pages\/2920","targetHints":{"allow":["GET"]}}],"collection":[{"href":"https:\/\/genomic.com.br\/portal\/wp-json\/wp\/v2\/pages"}],"about":[{"href":"https:\/\/genomic.com.br\/portal\/wp-json\/wp\/v2\/types\/page"}],"author":[{"embeddable":true,"href":"https:\/\/genomic.com.br\/portal\/wp-json\/wp\/v2\/users\/2"}],"replies":[{"embeddable":true,"href":"https:\/\/genomic.com.br\/portal\/wp-json\/wp\/v2\/comments?post=2920"}],"version-history":[{"count":4,"href":"https:\/\/genomic.com.br\/portal\/wp-json\/wp\/v2\/pages\/2920\/revisions"}],"predecessor-version":[{"id":3567,"href":"https:\/\/genomic.com.br\/portal\/wp-json\/wp\/v2\/pages\/2920\/revisions\/3567"}],"wp:attachment":[{"href":"https:\/\/genomic.com.br\/portal\/wp-json\/wp\/v2\/media?parent=2920"}],"curies":[{"name":"wp","href":"https:\/\/api.w.org\/{rel}","templated":true}]}}