{"id":2915,"date":"2016-02-29T11:21:00","date_gmt":"2016-02-29T14:21:00","guid":{"rendered":"http:\/\/genomic.com.br\/portal\/?page_id=2915"},"modified":"2017-01-11T16:17:33","modified_gmt":"2017-01-11T19:17:33","slug":"swab-vaginal","status":"publish","type":"page","link":"https:\/\/genomic.com.br\/portal\/swab-vaginal\/","title":{"rendered":"Swab Vaginal"},"content":{"rendered":"<p>Swab\u00a0vaginal (em casos de estupro, por exemplo) pode servir como fonte de amostra de material biol\u00f3gico.<\/p>\n<p>&nbsp;<\/p>\n<p>De acordo com as condi\u00e7\u00f5es do material \u00e9 poss\u00edvel obter o DNA nuclear e fazer a an\u00e1lise de marcadores de microssat\u00e9lites, podendo ser utilizada para identifica\u00e7\u00e3o individual, determinar a paternidade ou a maternidade.<\/p>\n<p>&nbsp;<\/p>\n<p>Se o material apresentar um alto grau de degrada\u00e7\u00e3o, \u00e9 poss\u00edvel realizar a an\u00e1lise do DNA mitocondrial. Neste caso, fica exclu\u00edda a possibilidade de realizar investiga\u00e7\u00e3o de paternidade.<\/p>\n<p>&nbsp;<\/p>\n<p>O swab deve ser armazenado em um tubo c\u00f4nico de 15 ml e mantido a 4\u00baC (geladeira). N\u00e3o devem ser utilizados meios de cultura para a conserva\u00e7\u00e3o da amostra.\u00a0As amostras devem ser enviadas ao laborat\u00f3rio com gelo recicl\u00e1vel.<\/p>\n<p>&nbsp;<\/p>\n<p>O prazo de entrega do laudo ser\u00e1 de 20 (vinte) dias \u00fateis, contados \u00e0 partir da data do recebimento do material e da documenta\u00e7\u00e3o completa.<\/p>\n<p>&nbsp;<\/p>\n<p>[icon type=&#8221;icon-phone&#8221;] Para maiores informa\u00e7\u00f5es e valores entre em <a href=\"\/contato\/\">contato<\/a> com a Genomic.<\/p>\n","protected":false},"excerpt":{"rendered":"<p>Swab\u00a0vaginal (em casos de estupro, por exemplo) pode servir como fonte de amostra de material biol\u00f3gico. &nbsp; De acordo com as condi\u00e7\u00f5es do material \u00e9 poss\u00edvel obter o DNA nuclear e fazer a an\u00e1lise de marcadores de microssat\u00e9lites, podendo ser utilizada para identifica\u00e7\u00e3o individual, determinar a paternidade ou a maternidade. &nbsp; Se o material apresentar &#8230; <a title=\"Swab Vaginal\" class=\"read-more\" href=\"https:\/\/genomic.com.br\/portal\/swab-vaginal\/\" aria-label=\"More on Swab Vaginal\">Ler mais<\/a><\/p>\n","protected":false},"author":2,"featured_media":0,"parent":0,"menu_order":0,"comment_status":"closed","ping_status":"closed","template":"","meta":{"footnotes":""},"class_list":["post-2915","page","type-page","status-publish"],"_links":{"self":[{"href":"https:\/\/genomic.com.br\/portal\/wp-json\/wp\/v2\/pages\/2915","targetHints":{"allow":["GET"]}}],"collection":[{"href":"https:\/\/genomic.com.br\/portal\/wp-json\/wp\/v2\/pages"}],"about":[{"href":"https:\/\/genomic.com.br\/portal\/wp-json\/wp\/v2\/types\/page"}],"author":[{"embeddable":true,"href":"https:\/\/genomic.com.br\/portal\/wp-json\/wp\/v2\/users\/2"}],"replies":[{"embeddable":true,"href":"https:\/\/genomic.com.br\/portal\/wp-json\/wp\/v2\/comments?post=2915"}],"version-history":[{"count":2,"href":"https:\/\/genomic.com.br\/portal\/wp-json\/wp\/v2\/pages\/2915\/revisions"}],"predecessor-version":[{"id":3551,"href":"https:\/\/genomic.com.br\/portal\/wp-json\/wp\/v2\/pages\/2915\/revisions\/3551"}],"wp:attachment":[{"href":"https:\/\/genomic.com.br\/portal\/wp-json\/wp\/v2\/media?parent=2915"}],"curies":[{"name":"wp","href":"https:\/\/api.w.org\/{rel}","templated":true}]}}