{"id":2912,"date":"2016-02-29T10:55:07","date_gmt":"2016-02-29T13:55:07","guid":{"rendered":"http:\/\/genomic.com.br\/portal\/?page_id=2912"},"modified":"2017-01-11T16:31:12","modified_gmt":"2017-01-11T19:31:12","slug":"tecidos-biologicos-em-estado-de-putrefacao","status":"publish","type":"page","link":"https:\/\/genomic.com.br\/portal\/tecidos-biologicos-em-estado-de-putrefacao\/","title":{"rendered":"Material Biol\u00f3gico em Estado de Putrefa\u00e7\u00e3o"},"content":{"rendered":"<p>Amostras de tecidos em estado de putrefa\u00e7\u00e3o podem ser analisadas mesmo quando aderido aos ossos, este \u00e9 um material que apresenta facilidade para extra\u00e7\u00e3o de DNA.<\/p>\n<p>&nbsp;<\/p>\n<p>De acordo com as condi\u00e7\u00f5es do material \u00e9 poss\u00edvel obter o DNA nuclear e fazer a an\u00e1lise de marcadores de microssat\u00e9lites, podendo ser utilizada para identifica\u00e7\u00e3o individual, determinar a paternidade ou maternidade.<\/p>\n<p>&nbsp;<\/p>\n<p>Se o material apresentar um alto grau de degrada\u00e7\u00e3o, \u00e9 poss\u00edvel realizar a an\u00e1lise do DNA mitocondrial. Neste caso, fica exclu\u00edda a possibilidade de realizar investiga\u00e7\u00e3o de paternidade.<\/p>\n<p>&nbsp;<\/p>\n<p>As amostras podem ser coletadas em recipientes pl\u00e1sticos limpos e mantidas a -20\u00baC (freezer). As amostras devem ser enviadas ao laborat\u00f3rio com gelo recicl\u00e1vel.<\/p>\n<p>&nbsp;<\/p>\n<p>O prazo de entrega do laudo ser\u00e1 de 20 (vinte) dias \u00fateis, contados \u00e0 partir da data do recebimento do material e da documenta\u00e7\u00e3o completa.<\/p>\n<p>&nbsp;<\/p>\n<p>[icon type=&#8221;icon-phone&#8221;] Para maiores informa\u00e7\u00f5es e valores entre em <a href=\"\/contato\/\">contato<\/a> com a Genomic.<\/p>\n","protected":false},"excerpt":{"rendered":"<p>Amostras de tecidos em estado de putrefa\u00e7\u00e3o podem ser analisadas mesmo quando aderido aos ossos, este \u00e9 um material que apresenta facilidade para extra\u00e7\u00e3o de DNA. &nbsp; De acordo com as condi\u00e7\u00f5es do material \u00e9 poss\u00edvel obter o DNA nuclear e fazer a an\u00e1lise de marcadores de microssat\u00e9lites, podendo ser utilizada para identifica\u00e7\u00e3o individual, determinar &#8230; <a title=\"Material Biol\u00f3gico em Estado de Putrefa\u00e7\u00e3o\" class=\"read-more\" href=\"https:\/\/genomic.com.br\/portal\/tecidos-biologicos-em-estado-de-putrefacao\/\" aria-label=\"More on Material Biol\u00f3gico em Estado de Putrefa\u00e7\u00e3o\">Ler mais<\/a><\/p>\n","protected":false},"author":2,"featured_media":0,"parent":0,"menu_order":0,"comment_status":"closed","ping_status":"closed","template":"","meta":{"footnotes":""},"class_list":["post-2912","page","type-page","status-publish"],"_links":{"self":[{"href":"https:\/\/genomic.com.br\/portal\/wp-json\/wp\/v2\/pages\/2912","targetHints":{"allow":["GET"]}}],"collection":[{"href":"https:\/\/genomic.com.br\/portal\/wp-json\/wp\/v2\/pages"}],"about":[{"href":"https:\/\/genomic.com.br\/portal\/wp-json\/wp\/v2\/types\/page"}],"author":[{"embeddable":true,"href":"https:\/\/genomic.com.br\/portal\/wp-json\/wp\/v2\/users\/2"}],"replies":[{"embeddable":true,"href":"https:\/\/genomic.com.br\/portal\/wp-json\/wp\/v2\/comments?post=2912"}],"version-history":[{"count":12,"href":"https:\/\/genomic.com.br\/portal\/wp-json\/wp\/v2\/pages\/2912\/revisions"}],"predecessor-version":[{"id":3563,"href":"https:\/\/genomic.com.br\/portal\/wp-json\/wp\/v2\/pages\/2912\/revisions\/3563"}],"wp:attachment":[{"href":"https:\/\/genomic.com.br\/portal\/wp-json\/wp\/v2\/media?parent=2912"}],"curies":[{"name":"wp","href":"https:\/\/api.w.org\/{rel}","templated":true}]}}