{"id":2908,"date":"2016-02-29T10:47:56","date_gmt":"2016-02-29T13:47:56","guid":{"rendered":"http:\/\/genomic.com.br\/portal\/?page_id=2908"},"modified":"2017-01-11T16:20:22","modified_gmt":"2017-01-11T19:20:22","slug":"material-anatomopatologico","status":"publish","type":"page","link":"https:\/\/genomic.com.br\/portal\/material-anatomopatologico\/","title":{"rendered":"Material Anatomopatol\u00f3gico"},"content":{"rendered":"<p>Amostras de tecidos resultantes de bi\u00f3psias, fixadas em parafina ou em l\u00e2mina, podem servir como fonte de amostra de material biol\u00f3gico.<\/p>\n<p>&nbsp;<\/p>\n<p>De acordo com as condi\u00e7\u00f5es do material \u00e9 poss\u00edvel obter o DNA nuclear e fazer a an\u00e1lise de marcadores de microssat\u00e9lites, podendo ser utilizada para identifica\u00e7\u00e3o individual, determinar a paternidade ou a maternidade.<\/p>\n<p>&nbsp;<\/p>\n<p>O material tamb\u00e9m pode ser utilizado para identifica\u00e7\u00e3o pessoal, em casos onde a pessoa tem d\u00favida se aquele material foi trocado no hospital.<\/p>\n<p>&nbsp;<\/p>\n<p>As amostras devem ser enviadas ao laborat\u00f3rio em temperatura ambiente.<\/p>\n<p>&nbsp;<\/p>\n<p>O prazo de entrega do laudo ser\u00e1 de 20 (vinte) dias \u00fateis, contados \u00e0 partir da data do recebimento do material e da documenta\u00e7\u00e3o completa.<\/p>\n<p>&nbsp;<\/p>\n<p>[icon type=&#8221;icon-phone&#8221;] Para maiores informa\u00e7\u00f5es e valores entre em <a href=\"\/contato\/\">contato<\/a> com a Genomic.<\/p>\n","protected":false},"excerpt":{"rendered":"<p>Amostras de tecidos resultantes de bi\u00f3psias, fixadas em parafina ou em l\u00e2mina, podem servir como fonte de amostra de material biol\u00f3gico. &nbsp; De acordo com as condi\u00e7\u00f5es do material \u00e9 poss\u00edvel obter o DNA nuclear e fazer a an\u00e1lise de marcadores de microssat\u00e9lites, podendo ser utilizada para identifica\u00e7\u00e3o individual, determinar a paternidade ou a maternidade. &#8230; <a title=\"Material Anatomopatol\u00f3gico\" class=\"read-more\" href=\"https:\/\/genomic.com.br\/portal\/material-anatomopatologico\/\" aria-label=\"More on Material Anatomopatol\u00f3gico\">Ler mais<\/a><\/p>\n","protected":false},"author":2,"featured_media":0,"parent":0,"menu_order":0,"comment_status":"closed","ping_status":"closed","template":"","meta":{"footnotes":""},"class_list":["post-2908","page","type-page","status-publish"],"_links":{"self":[{"href":"https:\/\/genomic.com.br\/portal\/wp-json\/wp\/v2\/pages\/2908","targetHints":{"allow":["GET"]}}],"collection":[{"href":"https:\/\/genomic.com.br\/portal\/wp-json\/wp\/v2\/pages"}],"about":[{"href":"https:\/\/genomic.com.br\/portal\/wp-json\/wp\/v2\/types\/page"}],"author":[{"embeddable":true,"href":"https:\/\/genomic.com.br\/portal\/wp-json\/wp\/v2\/users\/2"}],"replies":[{"embeddable":true,"href":"https:\/\/genomic.com.br\/portal\/wp-json\/wp\/v2\/comments?post=2908"}],"version-history":[{"count":3,"href":"https:\/\/genomic.com.br\/portal\/wp-json\/wp\/v2\/pages\/2908\/revisions"}],"predecessor-version":[{"id":3553,"href":"https:\/\/genomic.com.br\/portal\/wp-json\/wp\/v2\/pages\/2908\/revisions\/3553"}],"wp:attachment":[{"href":"https:\/\/genomic.com.br\/portal\/wp-json\/wp\/v2\/media?parent=2908"}],"curies":[{"name":"wp","href":"https:\/\/api.w.org\/{rel}","templated":true}]}}