{"id":2906,"date":"2016-02-29T10:45:38","date_gmt":"2016-02-29T13:45:38","guid":{"rendered":"http:\/\/genomic.com.br\/portal\/?page_id=2906"},"modified":"2017-03-27T00:16:12","modified_gmt":"2017-03-27T03:16:12","slug":"unhas","status":"publish","type":"page","link":"https:\/\/genomic.com.br\/portal\/unhas\/","title":{"rendered":"Unhas"},"content":{"rendered":"<p>A Genomic \u00e9 especialista\u00a0na realiza\u00e7\u00e3o de exames com\u00a0unhas.\u00a0Para\u00a0esse tipo de\u00a0per\u00edcia solicitamos\u00a0no m\u00ednimo 10 fragmentos (peda\u00e7os) de unha,\u00a0sem esmalte de cada participante.<\/p>\n<p>&nbsp;<\/p>\n<p>Dessa forma podemos analisar o DNA nuclear e\u00a0determinar a paternidade.<\/p>\n<p>As amostras\u00a0devem ser armazenadas em recipiente limpo, mantidos em temperatura ambiente.<\/p>\n<p>&nbsp;<\/p>\n<p>O prazo de entrega do laudo ser\u00e1 de 10 (dez) dias \u00fateis, contados \u00e0 partir da data do recebimento do material.<\/p>\n<p>&nbsp;<\/p>\n<p>[icon type=&#8221;icon-phone&#8221;] Para maiores informa\u00e7\u00f5es entre em <a href=\"\/contato\/\">contato<\/a>\u00a0com a Genomic.<\/p>\n<p>&nbsp;<\/p>\n","protected":false},"excerpt":{"rendered":"<p>A Genomic \u00e9 especialista\u00a0na realiza\u00e7\u00e3o de exames com\u00a0unhas.\u00a0Para\u00a0esse tipo de\u00a0per\u00edcia solicitamos\u00a0no m\u00ednimo 10 fragmentos (peda\u00e7os) de unha,\u00a0sem esmalte de cada participante. &nbsp; Dessa forma podemos analisar o DNA nuclear e\u00a0determinar a paternidade. As amostras\u00a0devem ser armazenadas em recipiente limpo, mantidos em temperatura ambiente. &nbsp; O prazo de entrega do laudo ser\u00e1 de 10 (dez) dias &#8230; <a title=\"Unhas\" class=\"read-more\" href=\"https:\/\/genomic.com.br\/portal\/unhas\/\" aria-label=\"More on Unhas\">Ler mais<\/a><\/p>\n","protected":false},"author":2,"featured_media":0,"parent":0,"menu_order":0,"comment_status":"closed","ping_status":"closed","template":"","meta":{"footnotes":""},"class_list":["post-2906","page","type-page","status-publish"],"_links":{"self":[{"href":"https:\/\/genomic.com.br\/portal\/wp-json\/wp\/v2\/pages\/2906","targetHints":{"allow":["GET"]}}],"collection":[{"href":"https:\/\/genomic.com.br\/portal\/wp-json\/wp\/v2\/pages"}],"about":[{"href":"https:\/\/genomic.com.br\/portal\/wp-json\/wp\/v2\/types\/page"}],"author":[{"embeddable":true,"href":"https:\/\/genomic.com.br\/portal\/wp-json\/wp\/v2\/users\/2"}],"replies":[{"embeddable":true,"href":"https:\/\/genomic.com.br\/portal\/wp-json\/wp\/v2\/comments?post=2906"}],"version-history":[{"count":2,"href":"https:\/\/genomic.com.br\/portal\/wp-json\/wp\/v2\/pages\/2906\/revisions"}],"predecessor-version":[{"id":3542,"href":"https:\/\/genomic.com.br\/portal\/wp-json\/wp\/v2\/pages\/2906\/revisions\/3542"}],"wp:attachment":[{"href":"https:\/\/genomic.com.br\/portal\/wp-json\/wp\/v2\/media?parent=2906"}],"curies":[{"name":"wp","href":"https:\/\/api.w.org\/{rel}","templated":true}]}}