{"id":2897,"date":"2016-02-29T09:58:04","date_gmt":"2016-02-29T12:58:04","guid":{"rendered":"http:\/\/genomic.com.br\/portal\/?page_id=2897"},"modified":"2017-03-26T23:58:34","modified_gmt":"2017-03-27T02:58:34","slug":"fios-de-cabelo","status":"publish","type":"page","link":"https:\/\/genomic.com.br\/portal\/fios-de-cabelo\/","title":{"rendered":"Fios de Cabelo e\/ou p\u00ealos"},"content":{"rendered":"<p>Amostras de fios de cabelo\u00a0e\/ou\u00a0p\u00ealos <strong>com bulbo <\/strong>capilar<strong>\u00a0<\/strong> podem ser analisadas para identifica\u00e7\u00e3o individual, determinar a paternidade ou a maternidade.<\/p>\n<p>&nbsp;<\/p>\n<p>Fios de cabelo\u00a0e\/ou p\u00ealos<strong> sem bulbo<\/strong> capilar s\u00f3 podem ser utilizados em casos de identifica\u00e7\u00e3o gen\u00e9tica pela an\u00e1lise do DNA mitocondrial. Neste caso, fica exclu\u00edda a possibilidade de realizar investiga\u00e7\u00e3o de paternidade.<\/p>\n<p>&nbsp;<\/p>\n<p>Devem ser coletados no m\u00ednimo\u00a010 fios. O material deve ser armazenado em um saco pl\u00e1stico limpo. As amostras devem ser enviadas ao laborat\u00f3rio em temperatura ambiente.<\/p>\n<p>&nbsp;<\/p>\n<p>O prazo de entrega do laudo ser\u00e1 de 10 (dez) dias \u00fateis, contados \u00e0 partir da data do recebimento do material.<\/p>\n<p>&nbsp;<\/p>\n<p>[icon type=&#8221;icon-phone&#8221;] Para maiores informa\u00e7\u00f5es entre em <a href=\"\/contato\/\">contato<\/a> com a Genomic<\/p>\n","protected":false},"excerpt":{"rendered":"<p>Amostras de fios de cabelo\u00a0e\/ou\u00a0p\u00ealos com bulbo capilar\u00a0 podem ser analisadas para identifica\u00e7\u00e3o individual, determinar a paternidade ou a maternidade. &nbsp; Fios de cabelo\u00a0e\/ou p\u00ealos sem bulbo capilar s\u00f3 podem ser utilizados em casos de identifica\u00e7\u00e3o gen\u00e9tica pela an\u00e1lise do DNA mitocondrial. Neste caso, fica exclu\u00edda a possibilidade de realizar investiga\u00e7\u00e3o de paternidade. &nbsp; Devem &#8230; <a title=\"Fios de Cabelo e\/ou p\u00ealos\" class=\"read-more\" href=\"https:\/\/genomic.com.br\/portal\/fios-de-cabelo\/\" aria-label=\"More on Fios de Cabelo e\/ou p\u00ealos\">Ler mais<\/a><\/p>\n","protected":false},"author":2,"featured_media":0,"parent":0,"menu_order":0,"comment_status":"closed","ping_status":"closed","template":"","meta":{"footnotes":""},"class_list":["post-2897","page","type-page","status-publish"],"_links":{"self":[{"href":"https:\/\/genomic.com.br\/portal\/wp-json\/wp\/v2\/pages\/2897","targetHints":{"allow":["GET"]}}],"collection":[{"href":"https:\/\/genomic.com.br\/portal\/wp-json\/wp\/v2\/pages"}],"about":[{"href":"https:\/\/genomic.com.br\/portal\/wp-json\/wp\/v2\/types\/page"}],"author":[{"embeddable":true,"href":"https:\/\/genomic.com.br\/portal\/wp-json\/wp\/v2\/users\/2"}],"replies":[{"embeddable":true,"href":"https:\/\/genomic.com.br\/portal\/wp-json\/wp\/v2\/comments?post=2897"}],"version-history":[{"count":8,"href":"https:\/\/genomic.com.br\/portal\/wp-json\/wp\/v2\/pages\/2897\/revisions"}],"predecessor-version":[{"id":3522,"href":"https:\/\/genomic.com.br\/portal\/wp-json\/wp\/v2\/pages\/2897\/revisions\/3522"}],"wp:attachment":[{"href":"https:\/\/genomic.com.br\/portal\/wp-json\/wp\/v2\/media?parent=2897"}],"curies":[{"name":"wp","href":"https:\/\/api.w.org\/{rel}","templated":true}]}}