{"id":2890,"date":"2016-02-26T14:57:07","date_gmt":"2016-02-26T17:57:07","guid":{"rendered":"http:\/\/genomic.com.br\/portal\/?page_id=2890"},"modified":"2022-01-26T23:32:33","modified_gmt":"2022-01-27T02:32:33","slug":"analises-forenses","status":"publish","type":"page","link":"https:\/\/genomic.com.br\/portal\/analises-forenses\/","title":{"rendered":"An\u00e1lises Forenses"},"content":{"rendered":"<p><a href=\"https:\/\/genomic.com.br\/portal\/ossos\/\">Ossos e\/ou Dentes<\/a><\/p>\n<p><a href=\"https:\/\/genomic.com.br\/portal\/unhas\/\">Fragmentos de Unha<\/a><\/p>\n<p><a href=\"https:\/\/genomic.com.br\/portal\/fios-de-cabelo\/\">Fios de Cabelo e\/ou p\u00ealos<\/a><\/p>\n<p><a href=\"https:\/\/genomic.com.br\/portal\/em-manutencao\/\">Saliva<\/a><\/p>\n<p><a href=\"https:\/\/genomic.com.br\/portal\/liquido-seminal\/\">An\u00e1lise de Manchas \/ L\u00edquido Seminal<\/a><\/p>\n<p><a href=\"https:\/\/genomic.com.br\/portal\/coto-umbelical\/\">Coto Umbilical<\/a><\/p>\n<p><a href=\"https:\/\/genomic.com.br\/portal\/swab-vaginal\/\">Swab Vaginal<\/a><\/p>\n<p><a href=\"https:\/\/genomic.com.br\/portal\/material-anatomopatologico\/\">Material Anatomopatol\u00f3gico<\/a><\/p>\n<p><a href=\"https:\/\/genomic.com.br\/portal\/tecidos-biologicos-em-estado-de-putrefacao\/\">Tecidos em Putrefa\u00e7\u00e3o<\/a><\/p>\n<p><a href=\"https:\/\/genomic.com.br\/portal\/outros-materiais\/\">Outros Materiais<\/a><\/p>\n<p><a href=\"https:\/\/genomic.com.br\/portal\/exumacao\/\">Exuma\u00e7\u00e3o<\/a><\/p>\n","protected":false},"excerpt":{"rendered":"<p>Ossos e\/ou Dentes Fragmentos de Unha Fios de Cabelo e\/ou p\u00ealos Saliva An\u00e1lise de Manchas \/ L\u00edquido Seminal Coto Umbilical Swab Vaginal Material Anatomopatol\u00f3gico Tecidos em Putrefa\u00e7\u00e3o Outros Materiais Exuma\u00e7\u00e3o<\/p>\n","protected":false},"author":2,"featured_media":0,"parent":0,"menu_order":0,"comment_status":"closed","ping_status":"closed","template":"","meta":{"footnotes":""},"class_list":["post-2890","page","type-page","status-publish"],"_links":{"self":[{"href":"https:\/\/genomic.com.br\/portal\/wp-json\/wp\/v2\/pages\/2890","targetHints":{"allow":["GET"]}}],"collection":[{"href":"https:\/\/genomic.com.br\/portal\/wp-json\/wp\/v2\/pages"}],"about":[{"href":"https:\/\/genomic.com.br\/portal\/wp-json\/wp\/v2\/types\/page"}],"author":[{"embeddable":true,"href":"https:\/\/genomic.com.br\/portal\/wp-json\/wp\/v2\/users\/2"}],"replies":[{"embeddable":true,"href":"https:\/\/genomic.com.br\/portal\/wp-json\/wp\/v2\/comments?post=2890"}],"version-history":[{"count":2,"href":"https:\/\/genomic.com.br\/portal\/wp-json\/wp\/v2\/pages\/2890\/revisions"}],"predecessor-version":[{"id":4529,"href":"https:\/\/genomic.com.br\/portal\/wp-json\/wp\/v2\/pages\/2890\/revisions\/4529"}],"wp:attachment":[{"href":"https:\/\/genomic.com.br\/portal\/wp-json\/wp\/v2\/media?parent=2890"}],"curies":[{"name":"wp","href":"https:\/\/api.w.org\/{rel}","templated":true}]}}