{"id":2887,"date":"2016-02-26T14:19:53","date_gmt":"2016-02-26T17:19:53","guid":{"rendered":"http:\/\/genomic.com.br\/portal\/?page_id=2887"},"modified":"2020-10-19T16:06:11","modified_gmt":"2020-10-19T19:06:11","slug":"teste-de-paternidade","status":"publish","type":"page","link":"https:\/\/genomic.com.br\/portal\/teste-de-paternidade\/","title":{"rendered":"Teste de Paternidade"},"content":{"rendered":"\n<p>Desde sua funda\u00e7\u00e3o, em 1991, a GENOMIC j\u00e1 realizou mais de 100 mil exames. Mais importante que o n\u00famero de exames realizados, \u00e9 a qualidade aplicada a cada um deles. Nossa idoneidade, \u00e9tica e tecnologia s\u00e3o alguns dos nossos diferenciais para uma per\u00edcia segura. Seu caso \u00e9 \u00fanico para voc\u00ea e para n\u00f3s.<\/p>\n\n\n\n<p>A Genomic garante a an\u00e1lise de 17 a 29 locos, aumentando assim o grau de confiabilidade do seu resultado. Inclu\u00edmos&nbsp;em&nbsp;nossos&nbsp;estudos, o marcador de sexo (amelogenina) como um dos controles interno de qualidade. Em alguns casos, locos de STRs situados nos cromossomos X e Y s\u00e3o analisados, trazendo informa\u00e7\u00f5es complementares imprescind\u00edveis. Todos os laudos da Genomic s\u00e3o submetidos \u00e0 prova e contraprova.<\/p>\n\n\n\n<p>O&nbsp;<strong>Dr. Martin Whittle<\/strong>&nbsp;\u00e9 o diretor cl\u00ednico da Genomic, m\u00e9dico pela Universidade de Londres, bioqu\u00edmico pela Universidade de Oxford, PhD pela Universidade de S\u00e3o Paulo e perito judicial (<strong><a href=\"http:\/\/lattes.cnpq.br\/4814643904646764\" target=\"_blank\" rel=\"noreferrer noopener\">clique aqui<\/a><\/strong>&nbsp;para acessar o&nbsp;<em>curriculum vitae).&nbsp;<\/em>Coordena uma equipe de bi\u00f3logos, biom\u00e9dicos e qu\u00edmicos altamente especializados, al\u00e9m de mestres e doutores em biologia molecular.<\/p>\n\n\n\n<p>Ao escolher qual laborat\u00f3rio vai realizar o exame que vai mudar sua vida fique atento a alguns detalhes importantes:<\/p>\n\n\n\n<p>Aten\u00e7\u00e3o com&nbsp;locais que oferecem&nbsp;exames de DNA&nbsp;com valores muito abaixo da m\u00e9dia. \u00c0s vezes,&nbsp;h\u00e1 limita\u00e7\u00f5es de produtos que&nbsp;escondem recursos de menor qualidade. Veja se o laborat\u00f3rio&nbsp;\u00e9 especializado em gen\u00e9tica humana e se&nbsp;tem geneticistas para revisar e assinar cada laudo.<\/p>\n\n\n\n<p><strong>N\u00f3s n\u00e3o somos uma op\u00e7\u00e3o a mais, e sim a mais confi\u00e1vel op\u00e7\u00e3o em exames de DNA<\/strong>.<\/p>\n\n\n\n<p>Consulte as formas de per\u00edcia, prazos\u00a0e valores no menu ao lado.<\/p>\n\n\n\n<div class=\"wp-block-buttons alignleft is-layout-flex wp-block-buttons-is-layout-flex\">\n<div class=\"wp-block-button\"><a class=\"wp-block-button__link has-vivid-red-color has-vivid-red-background-color has-text-color has-background\" href=\"https:\/\/genomic.com.br\/portal\/paternidade-trio\/\"><span class=\"has-inline-color has-white-color\">TRIO &#8211; Suposto Pai + Filho + M\u00e3e<\/span><\/a><\/div>\n\n\n\n<div class=\"wp-block-button\"><a class=\"wp-block-button__link has-vivid-red-color has-vivid-red-background-color has-text-color has-background\" href=\"https:\/\/genomic.com.br\/portal\/paternidade-duo\"><span class=\"has-inline-color has-white-color\">DUO &#8211; Suposto Pai ou M\u00e3e + Filho<\/span><\/a><\/div>\n\n\n\n<div class=\"wp-block-button\"><a class=\"wp-block-button__link has-vivid-red-color has-vivid-red-background-color has-text-color has-background\" href=\"https:\/\/genomic.com.br\/portal\/pericia-suposto-pai-falecido-ou-ausente\/\"><span class=\"has-inline-color has-white-color\">Reconstitui\u00e7\u00e3o \/ Falecido<\/span><\/a><\/div>\n\n\n\n<div class=\"wp-block-button\"><a class=\"wp-block-button__link has-vivid-red-color has-vivid-red-background-color has-text-color has-background\" href=\"https:\/\/genomic.com.br\/portal\/paternidade-e-maternidade-conjunta\/\"><span class=\"has-inline-color has-white-color\">Paternidade Conjunta<\/span><\/a><\/div>\n\n\n\n<div class=\"wp-block-button\"><a class=\"wp-block-button__link has-vivid-red-color has-vivid-red-background-color has-text-color has-background\" href=\"https:\/\/genomic.com.br\/portal\/irmandade\/\"><span class=\"has-inline-color has-white-color\">Irmandade<\/span><\/a><\/div>\n<\/div>\n\n\n\n<p><\/p>\n","protected":false},"excerpt":{"rendered":"<p>Desde sua funda\u00e7\u00e3o, em 1991, a GENOMIC j\u00e1 realizou mais de 100 mil exames. Mais importante que o n\u00famero de exames realizados, \u00e9 a qualidade aplicada a cada um deles. Nossa idoneidade, \u00e9tica e tecnologia s\u00e3o alguns dos nossos diferenciais para uma per\u00edcia segura. Seu caso \u00e9 \u00fanico para voc\u00ea e para n\u00f3s. A Genomic &#8230; <a title=\"Teste de Paternidade\" class=\"read-more\" href=\"https:\/\/genomic.com.br\/portal\/teste-de-paternidade\/\" aria-label=\"More on Teste de Paternidade\">Ler mais<\/a><\/p>\n","protected":false},"author":2,"featured_media":0,"parent":0,"menu_order":0,"comment_status":"closed","ping_status":"closed","template":"","meta":{"footnotes":""},"class_list":["post-2887","page","type-page","status-publish"],"_links":{"self":[{"href":"https:\/\/genomic.com.br\/portal\/wp-json\/wp\/v2\/pages\/2887","targetHints":{"allow":["GET"]}}],"collection":[{"href":"https:\/\/genomic.com.br\/portal\/wp-json\/wp\/v2\/pages"}],"about":[{"href":"https:\/\/genomic.com.br\/portal\/wp-json\/wp\/v2\/types\/page"}],"author":[{"embeddable":true,"href":"https:\/\/genomic.com.br\/portal\/wp-json\/wp\/v2\/users\/2"}],"replies":[{"embeddable":true,"href":"https:\/\/genomic.com.br\/portal\/wp-json\/wp\/v2\/comments?post=2887"}],"version-history":[{"count":7,"href":"https:\/\/genomic.com.br\/portal\/wp-json\/wp\/v2\/pages\/2887\/revisions"}],"predecessor-version":[{"id":4379,"href":"https:\/\/genomic.com.br\/portal\/wp-json\/wp\/v2\/pages\/2887\/revisions\/4379"}],"wp:attachment":[{"href":"https:\/\/genomic.com.br\/portal\/wp-json\/wp\/v2\/media?parent=2887"}],"curies":[{"name":"wp","href":"https:\/\/api.w.org\/{rel}","templated":true}]}}