{"id":2840,"date":"2016-02-25T22:30:03","date_gmt":"2016-02-26T01:30:03","guid":{"rendered":"http:\/\/genomic.com.br\/portal\/?page_id=2840"},"modified":"2017-01-05T09:34:43","modified_gmt":"2017-01-05T12:34:43","slug":"irmandade","status":"publish","type":"page","link":"https:\/\/genomic.com.br\/portal\/irmandade\/","title":{"rendered":"Irmandade"},"content":{"rendered":"<p style=\"text-align: justify;\">Os exames de irmandade t\u00eam a finalidade de avaliar se duas pessoas podem ser irm\u00e3os biol\u00f3gicos. As informa\u00e7\u00f5es gen\u00e9ticas dos dois indiv\u00edduos s\u00e3o analisadas e comparadas.<\/p>\n<p style=\"text-align: justify;\">Dois \u00edndices de irmandade podem ser calculados: o \u00edndice de irmandade plena e o \u00edndice de meia-irmandade. O \u00edndice de irmandade plena refere-se ao grau de certeza de que os dois periciandos s\u00e3o filhos do mesmo pai e da mesma m\u00e3e. Por outro lado, o \u00edndice de meia-irmandade refere-se ao grau de certeza de que os dois periciandos s\u00e3o irm\u00e3os por parte do pai ou da m\u00e3e.<\/p>\n<p style=\"text-align: justify;\">A probabilidade inicial (<em>a priori<\/em>) \u00e9 de 50%; ao fazer a an\u00e1lise, a probabilidade calculada aumenta ou diminui de acordo com as evid\u00eancias gen\u00e9ticas dispon\u00edveis. O exame \u00e9 inerentemente fr\u00e1gil e por isso \u00e9 somente recomendado quando n\u00e3o h\u00e1 outros parentes que possam participar do estudo. A tabela que segue mostra os resultados obtidos estudando 10 pares de indiv\u00edduos, compondo meio-irm\u00e3os, irm\u00e3os plenos e pessoas sem v\u00ednculo gen\u00e9tico: nem sempre o resultado obtido reflete claramente a realidade.<\/p>\n<table border=\"1\" cellspacing=\"0\" cellpadding=\"0\">\n<tbody>\n<tr class=\"tablerow1\">\n<td valign=\"top\" width=\"37\">\n<p align=\"center\"><strong>Par<\/strong><\/p>\n<\/td>\n<td valign=\"top\" width=\"77\"><strong>No. de locos analisados<\/strong><\/td>\n<td valign=\"top\" width=\"93\"><strong>\u00cdndice acumulado de meia irmandade<\/strong><\/td>\n<td valign=\"top\" width=\"104\"><strong>Probabilidade acumulada de meia irmandade (%)<\/strong><\/td>\n<td valign=\"top\" width=\"104\"><strong>\u00cdndice acumulado de irmandade plena<\/strong><\/td>\n<td valign=\"top\" width=\"104\"><strong>Probabilidade acumulada de\u00a0 irmandade plena (%)<\/strong><\/td>\n<td valign=\"top\" width=\"104\"><strong>Parentesco real<br \/>\nentre o par<\/strong><\/td>\n<\/tr>\n<tr>\n<td valign=\"top\" width=\"37\">\n<p align=\"center\">1<\/p>\n<\/td>\n<td valign=\"top\" width=\"77\">\n<p align=\"center\">29<\/p>\n<\/td>\n<td valign=\"top\" width=\"93\">13,24<\/td>\n<td valign=\"top\" width=\"104\">\n<p align=\"center\">92,97<\/p>\n<\/td>\n<td valign=\"top\" width=\"104\">0,39<\/td>\n<td valign=\"top\" width=\"104\">\n<p align=\"center\">28,16<\/p>\n<\/td>\n<td valign=\"top\" width=\"104\">\n<p align=\"center\">Meio irm\u00e3os<\/p>\n<\/td>\n<\/tr>\n<tr>\n<td valign=\"top\" width=\"37\">\n<p align=\"center\">2<\/p>\n<\/td>\n<td valign=\"top\" width=\"77\">\n<p align=\"center\">28<\/p>\n<\/td>\n<td valign=\"top\" width=\"93\">6,15<\/td>\n<td valign=\"top\" width=\"104\">\n<p align=\"center\">86,01<\/p>\n<\/td>\n<td valign=\"top\" width=\"104\">0,00087<\/td>\n<td valign=\"top\" width=\"104\">\n<p align=\"center\">0,08<\/p>\n<\/td>\n<td valign=\"top\" width=\"104\">\n<p align=\"center\">Meio irm\u00e3os<\/p>\n<\/td>\n<\/tr>\n<tr>\n<td valign=\"top\" width=\"37\">\n<p align=\"center\">3<\/p>\n<\/td>\n<td valign=\"top\" width=\"77\">\n<p align=\"center\">29<\/p>\n<\/td>\n<td valign=\"top\" width=\"93\">348,97<\/td>\n<td valign=\"top\" width=\"104\">\n<p align=\"center\">99,96<\/p>\n<\/td>\n<td valign=\"top\" width=\"104\">12,38<\/td>\n<td valign=\"top\" width=\"104\">\n<p align=\"center\">92,52<\/p>\n<\/td>\n<td valign=\"top\" width=\"104\">\n<p align=\"center\">Meio irm\u00e3os<\/p>\n<\/td>\n<\/tr>\n<tr>\n<td valign=\"top\" width=\"37\">\n<p align=\"center\">4<\/p>\n<\/td>\n<td valign=\"top\" width=\"77\">\n<p align=\"center\">29<\/p>\n<\/td>\n<td valign=\"top\" width=\"93\">0,05<\/td>\n<td valign=\"top\" width=\"104\">\n<p align=\"center\">5,21<\/p>\n<\/td>\n<td valign=\"top\" width=\"104\">0,0000023<\/td>\n<td valign=\"top\" width=\"104\">\n<p align=\"center\">0<\/p>\n<\/td>\n<td valign=\"top\" width=\"104\">\n<p align=\"center\">Meio irm\u00e3os<\/p>\n<\/td>\n<\/tr>\n<tr>\n<td valign=\"top\" width=\"37\">\n<p align=\"center\">5<\/p>\n<\/td>\n<td valign=\"top\" width=\"77\">\n<p align=\"center\">29<\/p>\n<\/td>\n<td valign=\"top\" width=\"93\">0,45<\/td>\n<td valign=\"top\" width=\"104\">\n<p align=\"center\">30,93<\/p>\n<\/td>\n<td valign=\"top\" width=\"104\">0,000056<\/td>\n<td valign=\"top\" width=\"104\">\n<p align=\"center\">0<\/p>\n<\/td>\n<td valign=\"top\" width=\"104\">\n<p align=\"center\">Meio irm\u00e3os<\/p>\n<\/td>\n<\/tr>\n<tr>\n<td valign=\"top\" width=\"37\">\n<p align=\"center\">6<\/p>\n<\/td>\n<td valign=\"top\" width=\"77\">\n<p align=\"center\">29<\/p>\n<\/td>\n<td valign=\"top\" width=\"93\">202,67<\/td>\n<td valign=\"top\" width=\"104\">\n<p align=\"center\">99,51<\/p>\n<\/td>\n<td valign=\"top\" width=\"104\">0,06<\/td>\n<td valign=\"top\" width=\"104\">\n<p align=\"center\">5,86<\/p>\n<\/td>\n<td valign=\"top\" width=\"104\">\n<p align=\"center\">Meio irm\u00e3os<\/p>\n<\/td>\n<\/tr>\n<tr>\n<td valign=\"top\" width=\"37\">\n<p align=\"center\">7<\/p>\n<\/td>\n<td valign=\"top\" width=\"77\">\n<p align=\"center\">29<\/p>\n<\/td>\n<td valign=\"top\" width=\"93\">227131,10<\/td>\n<td valign=\"top\" width=\"104\">\n<p align=\"center\">99,99<\/p>\n<\/td>\n<td valign=\"top\" width=\"104\">87817919,51<\/td>\n<td valign=\"top\" width=\"104\">\n<p align=\"center\">99,99<\/p>\n<\/td>\n<td valign=\"top\" width=\"104\">\n<p align=\"center\">Irm\u00e3os plenos<\/p>\n<\/td>\n<\/tr>\n<tr>\n<td valign=\"top\" width=\"37\">\n<p align=\"center\">8<\/p>\n<\/td>\n<td valign=\"top\" width=\"77\">\n<p align=\"center\">29<\/p>\n<\/td>\n<td valign=\"top\" width=\"93\">141651,31<\/td>\n<td valign=\"top\" width=\"104\">\n<p align=\"center\">99,99<\/p>\n<\/td>\n<td valign=\"top\" width=\"104\">989129,79<\/td>\n<td valign=\"top\" width=\"104\">\n<p align=\"center\">99,99<\/p>\n<\/td>\n<td valign=\"top\" width=\"104\">\n<p align=\"center\">Irm\u00e3os plenos<\/p>\n<\/td>\n<\/tr>\n<tr>\n<td valign=\"top\" width=\"37\">\n<p align=\"center\">9<\/p>\n<\/td>\n<td valign=\"top\" width=\"77\">\n<p align=\"center\">28<\/p>\n<\/td>\n<td valign=\"top\" width=\"93\">0,00094<\/td>\n<td valign=\"top\" width=\"104\">\n<p align=\"center\">0,09<\/p>\n<\/td>\n<td valign=\"top\" width=\"104\">0,00000001<\/td>\n<td valign=\"top\" width=\"104\">\n<p align=\"center\">0<\/p>\n<\/td>\n<td valign=\"top\" width=\"104\">\n<p align=\"center\">Nenhum<\/p>\n<\/td>\n<\/tr>\n<tr>\n<td valign=\"top\" width=\"37\">\n<p align=\"center\">10<\/p>\n<\/td>\n<td valign=\"top\" width=\"77\">\n<p align=\"center\">29<\/p>\n<\/td>\n<td valign=\"top\" width=\"93\">0,0000089<\/td>\n<td valign=\"top\" width=\"104\">\n<p align=\"center\">0<\/p>\n<\/td>\n<td valign=\"top\" width=\"104\">0<\/td>\n<td valign=\"top\" width=\"104\">\n<p align=\"center\">0<\/p>\n<\/td>\n<td valign=\"top\" width=\"104\">\n<p align=\"center\">Nenhum<\/p>\n<\/td>\n<\/tr>\n<\/tbody>\n<\/table>\n<p style=\"text-align: justify;\">Por esse motivo e, dependendo do sexo dos dois periciandos envolvidos, estudos adicionais dos cromossomos X e Y, e do DNA mitocondrial podem trazer informa\u00e7\u00f5es complementares \u00fateis.<\/p>\n<p style=\"text-align: justify;\">Para maiores informa\u00e7\u00f5es e valores entre em <a href=\"https:\/\/genomic.com.br\/portal\/contato\/\">contato<\/a> com a Genomic.<\/p>\n<p style=\"text-align: justify;\">\u00a0<img fetchpriority=\"high\" decoding=\"async\" class=\"alignleft size-large wp-image-2841\" src=\"\/wp-content\/uploads\/2016\/02\/foto-irmaos-1024x678.bmp\" alt=\"foto irmaos\" width=\"1024\" height=\"678\" srcset=\"https:\/\/genomic.com.br\/portal\/wp-content\/uploads\/2016\/02\/foto-irmaos-1024x678.bmp 1024w, https:\/\/genomic.com.br\/portal\/wp-content\/uploads\/2016\/02\/foto-irmaos-300x199.bmp 300w, https:\/\/genomic.com.br\/portal\/wp-content\/uploads\/2016\/02\/foto-irmaos-768x509.bmp 768w, https:\/\/genomic.com.br\/portal\/wp-content\/uploads\/2016\/02\/foto-irmaos-220x146.bmp 220w, https:\/\/genomic.com.br\/portal\/wp-content\/uploads\/2016\/02\/foto-irmaos-50x33.bmp 50w, https:\/\/genomic.com.br\/portal\/wp-content\/uploads\/2016\/02\/foto-irmaos-113x75.bmp 113w, https:\/\/genomic.com.br\/portal\/wp-content\/uploads\/2016\/02\/foto-irmaos.bmp 1667w\" sizes=\"(max-width: 1024px) 100vw, 1024px\" \/><\/p>\n","protected":false},"excerpt":{"rendered":"<p>Os exames de irmandade t\u00eam a finalidade de avaliar se duas pessoas podem ser irm\u00e3os biol\u00f3gicos. As informa\u00e7\u00f5es gen\u00e9ticas dos dois indiv\u00edduos s\u00e3o analisadas e comparadas. Dois \u00edndices de irmandade podem ser calculados: o \u00edndice de irmandade plena e o \u00edndice de meia-irmandade. O \u00edndice de irmandade plena refere-se ao grau de certeza de que &#8230; <a title=\"Irmandade\" class=\"read-more\" href=\"https:\/\/genomic.com.br\/portal\/irmandade\/\" aria-label=\"More on Irmandade\">Ler mais<\/a><\/p>\n","protected":false},"author":2,"featured_media":0,"parent":0,"menu_order":0,"comment_status":"closed","ping_status":"closed","template":"","meta":{"footnotes":""},"class_list":["post-2840","page","type-page","status-publish"],"_links":{"self":[{"href":"https:\/\/genomic.com.br\/portal\/wp-json\/wp\/v2\/pages\/2840","targetHints":{"allow":["GET"]}}],"collection":[{"href":"https:\/\/genomic.com.br\/portal\/wp-json\/wp\/v2\/pages"}],"about":[{"href":"https:\/\/genomic.com.br\/portal\/wp-json\/wp\/v2\/types\/page"}],"author":[{"embeddable":true,"href":"https:\/\/genomic.com.br\/portal\/wp-json\/wp\/v2\/users\/2"}],"replies":[{"embeddable":true,"href":"https:\/\/genomic.com.br\/portal\/wp-json\/wp\/v2\/comments?post=2840"}],"version-history":[{"count":13,"href":"https:\/\/genomic.com.br\/portal\/wp-json\/wp\/v2\/pages\/2840\/revisions"}],"predecessor-version":[{"id":3519,"href":"https:\/\/genomic.com.br\/portal\/wp-json\/wp\/v2\/pages\/2840\/revisions\/3519"}],"wp:attachment":[{"href":"https:\/\/genomic.com.br\/portal\/wp-json\/wp\/v2\/media?parent=2840"}],"curies":[{"name":"wp","href":"https:\/\/api.w.org\/{rel}","templated":true}]}}