{"id":2828,"date":"2016-02-25T20:04:36","date_gmt":"2016-02-25T23:04:36","guid":{"rendered":"http:\/\/genomic.com.br\/portal\/?page_id=2828"},"modified":"2016-02-25T20:05:38","modified_gmt":"2016-02-25T23:05:38","slug":"rox-511","status":"publish","type":"page","link":"https:\/\/genomic.com.br\/portal\/rox-511\/","title":{"rendered":"Rox-511"},"content":{"rendered":"<p>Fa\u00e7a<a href=\"\/wp-content\/uploads\/2016\/02\/GEMROX_bula.pdf\" target=\"_blank\"> aqui <\/a>o download\u00a0do manual.<\/p>\n<p>&nbsp;<\/p>\n<p>GemRox-511 \u00e9 um padr\u00e3o interno de peso molecular exigido durante a eletroforese de mol\u00e9culas fluorescentes de DNA, cuja finalidade \u00e9 indicar os diferentes tamanhos fragmentos. Ideal para uso em an\u00e1lises de microssat\u00e9lites, n\u00e3o apresentando qualquer desvio na indica\u00e7\u00e3o do tamanho do fragmento quando comparado a outros padr\u00f5es internos e pode ser empregado nos sequenciadores autom\u00e1ticos.<\/p>\n<p>&nbsp;<\/p>\n<p>GemRox-511 \u00e9 uma solu\u00e7\u00e3o estoque que, quando usado em condi\u00e7\u00f5es desnaturantes, resulta em 16 picos de DNA marcados, com tamanhos distintos variando de 73 a 511 pares de base (vide figura abaixo). O DNA empregado \u00e9 uma dupla fita assimetricamente marcada com ROX (carboxi-X-rodamina). A fluoresc\u00eancia \u00e9 detectada automaticamente tendo como finalidade a determina\u00e7\u00e3o do tamanho do fragmento refer\u00eancia misturado com os fragmentos presentes na amostra. Seu emprego \u00e9 essencial para obten\u00e7\u00e3o de alta precis\u00e3o na classifica\u00e7\u00e3o por tamanho dos fragmentos analisados.<\/p>\n<p><img fetchpriority=\"high\" decoding=\"async\" class=\"alignnone wp-image-2826 size-large\" src=\"https:\/\/genomic.com.br\/portal\/wp-content\/uploads\/2016\/02\/ROX_16-1024x224.bmp\" alt=\"ROX_16\" width=\"1024\" height=\"224\" srcset=\"https:\/\/genomic.com.br\/portal\/wp-content\/uploads\/2016\/02\/ROX_16-1024x224.bmp 1024w, https:\/\/genomic.com.br\/portal\/wp-content\/uploads\/2016\/02\/ROX_16-300x66.bmp 300w, https:\/\/genomic.com.br\/portal\/wp-content\/uploads\/2016\/02\/ROX_16-768x168.bmp 768w, https:\/\/genomic.com.br\/portal\/wp-content\/uploads\/2016\/02\/ROX_16-260x57.bmp 260w, https:\/\/genomic.com.br\/portal\/wp-content\/uploads\/2016\/02\/ROX_16-50x11.bmp 50w, https:\/\/genomic.com.br\/portal\/wp-content\/uploads\/2016\/02\/ROX_16-150x33.bmp 150w, https:\/\/genomic.com.br\/portal\/wp-content\/uploads\/2016\/02\/ROX_16.bmp 1177w\" sizes=\"(max-width: 1024px) 100vw, 1024px\" \/><\/p>\n<p>Cada 250 \u00b5L do padr\u00e3o GemRox-511 \u00e9 suficiente para 800 rea\u00e7\u00f5es. Deve ser estocado a -20\u00baC. \u00c9 sens\u00edvel a luz.<\/p>\n<p>&nbsp;<\/p>\n<p>[icon type=&#8221;icon-phone&#8221;] Para maiores informa\u00e7\u00f5es e\u00a0valores entre em <a href=\"\/contato\/\">contato<\/a> com a\u00a0Genomic.<\/p>\n","protected":false},"excerpt":{"rendered":"<p>Fa\u00e7a aqui o download\u00a0do manual. &nbsp; GemRox-511 \u00e9 um padr\u00e3o interno de peso molecular exigido durante a eletroforese de mol\u00e9culas fluorescentes de DNA, cuja finalidade \u00e9 indicar os diferentes tamanhos fragmentos. Ideal para uso em an\u00e1lises de microssat\u00e9lites, n\u00e3o apresentando qualquer desvio na indica\u00e7\u00e3o do tamanho do fragmento quando comparado a outros padr\u00f5es internos e &#8230; <a title=\"Rox-511\" class=\"read-more\" href=\"https:\/\/genomic.com.br\/portal\/rox-511\/\" aria-label=\"More on Rox-511\">Ler mais<\/a><\/p>\n","protected":false},"author":2,"featured_media":0,"parent":0,"menu_order":0,"comment_status":"closed","ping_status":"closed","template":"","meta":{"footnotes":""},"class_list":["post-2828","page","type-page","status-publish"],"_links":{"self":[{"href":"https:\/\/genomic.com.br\/portal\/wp-json\/wp\/v2\/pages\/2828","targetHints":{"allow":["GET"]}}],"collection":[{"href":"https:\/\/genomic.com.br\/portal\/wp-json\/wp\/v2\/pages"}],"about":[{"href":"https:\/\/genomic.com.br\/portal\/wp-json\/wp\/v2\/types\/page"}],"author":[{"embeddable":true,"href":"https:\/\/genomic.com.br\/portal\/wp-json\/wp\/v2\/users\/2"}],"replies":[{"embeddable":true,"href":"https:\/\/genomic.com.br\/portal\/wp-json\/wp\/v2\/comments?post=2828"}],"version-history":[{"count":2,"href":"https:\/\/genomic.com.br\/portal\/wp-json\/wp\/v2\/pages\/2828\/revisions"}],"predecessor-version":[{"id":2830,"href":"https:\/\/genomic.com.br\/portal\/wp-json\/wp\/v2\/pages\/2828\/revisions\/2830"}],"wp:attachment":[{"href":"https:\/\/genomic.com.br\/portal\/wp-json\/wp\/v2\/media?parent=2828"}],"curies":[{"name":"wp","href":"https:\/\/api.w.org\/{rel}","templated":true}]}}