{"id":2824,"date":"2016-02-25T19:43:33","date_gmt":"2016-02-25T22:43:33","guid":{"rendered":"http:\/\/genomic.com.br\/portal\/?page_id=2824"},"modified":"2017-03-26T23:13:18","modified_gmt":"2017-03-27T02:13:18","slug":"ossos","status":"publish","type":"page","link":"https:\/\/genomic.com.br\/portal\/ossos\/","title":{"rendered":"Ossos ou Dentes"},"content":{"rendered":"<p>Utilizada em casos de investiga\u00e7\u00e3o de paternidade onde o suposto pai \u00e9 falecido ou para a identifica\u00e7\u00e3o individual. Preferencialmente, s\u00e3o analisados f\u00eamur e\/ou arcada dent\u00e1ria inferior\u00a0com dentes molares.<\/p>\n<p>&nbsp;<\/p>\n<p>De acordo com as condi\u00e7\u00f5es do material \u00e9 poss\u00edvel obter o DNA nuclear e fazer a an\u00e1lise de marcadores de microssat\u00e9lites, podendo ser utilizada para identifica\u00e7\u00e3o individual, determinar a paternidade ou a maternidade.<\/p>\n<p>&nbsp;<\/p>\n<p>Se o material apresentar um alto grau de degrada\u00e7\u00e3o, \u00e9 poss\u00edvel realizar a an\u00e1lise do DNA mitocondrial. Neste caso, fica exclu\u00edda a possibilidade de realizar investiga\u00e7\u00e3o de paternidade.<\/p>\n<p>&nbsp;<\/p>\n<p>O material deve ser coletado em um recipiente pl\u00e1stico limpo e armazenado\u00a0em temperatura ambiente.<\/p>\n<p>&nbsp;<\/p>\n<p>O prazo de entrega do laudo ser\u00e1 de 50 (cinquenta) dias \u00fateis, contados \u00e0 partir da data do recebimento do material e da documenta\u00e7\u00e3o completa.<\/p>\n<p>&nbsp;<\/p>\n<p>[icon type=&#8221;icon-phone&#8221;] Para maiores informa\u00e7\u00f5es e valores entre em <a href=\"\/contato\/\">contato<\/a> com a Genomic.<\/p>\n","protected":false},"excerpt":{"rendered":"<p>Utilizada em casos de investiga\u00e7\u00e3o de paternidade onde o suposto pai \u00e9 falecido ou para a identifica\u00e7\u00e3o individual. Preferencialmente, s\u00e3o analisados f\u00eamur e\/ou arcada dent\u00e1ria inferior\u00a0com dentes molares. &nbsp; De acordo com as condi\u00e7\u00f5es do material \u00e9 poss\u00edvel obter o DNA nuclear e fazer a an\u00e1lise de marcadores de microssat\u00e9lites, podendo ser utilizada para identifica\u00e7\u00e3o &#8230; <a title=\"Ossos ou Dentes\" class=\"read-more\" href=\"https:\/\/genomic.com.br\/portal\/ossos\/\" aria-label=\"More on Ossos ou Dentes\">Ler mais<\/a><\/p>\n","protected":false},"author":2,"featured_media":0,"parent":0,"menu_order":0,"comment_status":"closed","ping_status":"closed","template":"","meta":{"footnotes":""},"class_list":["post-2824","page","type-page","status-publish"],"_links":{"self":[{"href":"https:\/\/genomic.com.br\/portal\/wp-json\/wp\/v2\/pages\/2824","targetHints":{"allow":["GET"]}}],"collection":[{"href":"https:\/\/genomic.com.br\/portal\/wp-json\/wp\/v2\/pages"}],"about":[{"href":"https:\/\/genomic.com.br\/portal\/wp-json\/wp\/v2\/types\/page"}],"author":[{"embeddable":true,"href":"https:\/\/genomic.com.br\/portal\/wp-json\/wp\/v2\/users\/2"}],"replies":[{"embeddable":true,"href":"https:\/\/genomic.com.br\/portal\/wp-json\/wp\/v2\/comments?post=2824"}],"version-history":[{"count":6,"href":"https:\/\/genomic.com.br\/portal\/wp-json\/wp\/v2\/pages\/2824\/revisions"}],"predecessor-version":[{"id":3540,"href":"https:\/\/genomic.com.br\/portal\/wp-json\/wp\/v2\/pages\/2824\/revisions\/3540"}],"wp:attachment":[{"href":"https:\/\/genomic.com.br\/portal\/wp-json\/wp\/v2\/media?parent=2824"}],"curies":[{"name":"wp","href":"https:\/\/api.w.org\/{rel}","templated":true}]}}