{"id":2818,"date":"2016-02-25T19:33:40","date_gmt":"2016-02-25T22:33:40","guid":{"rendered":"http:\/\/genomic.com.br\/portal\/?page_id=2818"},"modified":"2017-06-01T18:59:56","modified_gmt":"2017-06-01T21:59:56","slug":"mthfr","status":"publish","type":"page","link":"https:\/\/genomic.com.br\/portal\/mthfr\/","title":{"rendered":"<i>MTHFR<\/i> &#8211; Propens\u00e3o \u00e0 doen\u00e7a card\u00edaca e\/ou tubo neural"},"content":{"rendered":"<p style=\"text-align: justify;\">A principal causa das doen\u00e7as card\u00edacas \u00e9 a hipertens\u00e3o arterial. Pode ser causada pela obesidade, pelo h\u00e1bito de fumar, por diabetes, colesterol ou estados de estresse. Esta classe de doen\u00e7a \u00e9 um dos principais problemas de sa\u00fade p\u00fablica, respons\u00e1vel por aproximadamente um ter\u00e7o das mortes ocorridas no mundo todo. Dietas ricas em gordura e sedentarismo s\u00e3o, em \u00faltima an\u00e1lise, os grandes vil\u00f5es da sa\u00fade coronariana.<\/p>\n<p>&nbsp;<\/p>\n<p style=\"text-align: justify;\">A identifica\u00e7\u00e3o de tend\u00eancias heredit\u00e1rias e fatores de risco s\u00e3o \u00fateis na indica\u00e7\u00e3o de medicamentos e na ado\u00e7\u00e3o de mudan\u00e7as no estilo de vida, como a pr\u00e1tica di\u00e1ria de exerc\u00edcios e uma dieta pobre em sal.<\/p>\n<p>&nbsp;<\/p>\n<p style=\"text-align: justify;\">At\u00e9 poucos anos atr\u00e1s, as doen\u00e7as cardiovasculares eram mais comuns nos homens. Hoje, em algumas partes do mundo, as cardiopatias s\u00e3o as causas mais frequentes de morte de mulheres, inclusive antes dos 65 anos de idade.<\/p>\n<p>&nbsp;<\/p>\n<p style=\"text-align: justify;\">A homociste\u00edna \u00e9 uma mol\u00e9cula envolvida no metabolismo do \u00e1cido f\u00f3lico. Seu aumento, denominado hiperhomocisteinemia, pode causar doen\u00e7as cardiovasculares isqu\u00eamicas. Pessoas com redu\u00e7\u00e3o das enzimas cistationina sintetase, 5, 10 metilenotetrahidrofolato redutase (<em>MTHFR<\/em>) e metionina sintetase possuem um n\u00edvel plasm\u00e1tico de homociste\u00edna aumentado, estando predispostas a um processo de arterioesclerose acelerado, o qual pode levar a doen\u00e7as cardiovasculares prematuras.<\/p>\n<p>&nbsp;<\/p>\n<p style=\"text-align: justify;\">O exame de propens\u00e3o \u00e0s doen\u00e7as card\u00edacas, realizado pela Genomic, \u00e9 indicado para pessoas que t\u00eam doen\u00e7as cardiovasculares ou pessoas com hist\u00f3rico familiar destas doen\u00e7as. Este exame \u00e9 realizado uma \u00fanica vez na vida, em qualquer idade, inclusive pr\u00e9-natal, pois as informa\u00e7\u00f5es estudadas prov\u00eam do c\u00f3digo gen\u00e9tico do indiv\u00edduo e n\u00e3o sofrem altera\u00e7\u00f5es por est\u00edmulos ambientais.<\/p>\n<p>&nbsp;<\/p>\n<p><strong><span style=\"color: #800000;\">Metodologia<\/span><\/strong>:<\/p>\n<p style=\"text-align: justify;\">Isolamento do DNA gen\u00f4mico de leuc\u00f3citos, seguida de amplifica\u00e7\u00e3o por PCR da regi\u00e3o espec\u00edfica do gene <em>MTHFR<\/em>, digest\u00e3o e an\u00e1lise por eletroforese.<\/p>\n<p>&nbsp;<\/p>\n<p><strong><span style=\"color: #800000;\">Coleta<\/span><\/strong>:<\/p>\n<p style=\"text-align: justify;\">Para realizar o exame \u00e9 necess\u00e1ria a coleta de 4,5 mL de sangue perif\u00e9rico em um tubo de coleta a v\u00e1cuo com anticoagulante EDTA (Vacutainer de tampa roxa) ou sangue em papel filtro FTA da Whatman\u00ae. O exame deve ser enviado em at\u00e9 cinco dias e a amostra deve ser conservada em temperatura ambiente.<\/p>\n<p>&nbsp;<\/p>\n<p><strong><span style=\"color: #800000;\">Prazos<\/span><\/strong>:<\/p>\n<p>Os resultados s\u00e3o enviados em 10 dias \u00fateis.<\/p>\n<p>&nbsp;<\/p>\n<p>* O exame s\u00f3 ser\u00e1 realizado mediante pedido m\u00e9dico.<\/p>\n<p style=\"text-align: justify;\">[icon type=&#8221;icon-phone&#8221;] Para maiores informa\u00e7\u00f5es e valores entre em <a href=\"\/contato\/\">contato<\/a> com a Genomic.<\/p>\n","protected":false},"excerpt":{"rendered":"<p>A principal causa das doen\u00e7as card\u00edacas \u00e9 a hipertens\u00e3o arterial. Pode ser causada pela obesidade, pelo h\u00e1bito de fumar, por diabetes, colesterol ou estados de estresse. Esta classe de doen\u00e7a \u00e9 um dos principais problemas de sa\u00fade p\u00fablica, respons\u00e1vel por aproximadamente um ter\u00e7o das mortes ocorridas no mundo todo. Dietas ricas em gordura e sedentarismo &#8230; <a title=\"MTHFR &#8211; Propens\u00e3o \u00e0 doen\u00e7a card\u00edaca e\/ou tubo neural\" class=\"read-more\" href=\"https:\/\/genomic.com.br\/portal\/mthfr\/\" aria-label=\"More on MTHFR &#8211; Propens\u00e3o \u00e0 doen\u00e7a card\u00edaca e\/ou tubo neural\">Ler mais<\/a><\/p>\n","protected":false},"author":2,"featured_media":0,"parent":0,"menu_order":0,"comment_status":"closed","ping_status":"closed","template":"","meta":{"footnotes":""},"class_list":["post-2818","page","type-page","status-publish"],"_links":{"self":[{"href":"https:\/\/genomic.com.br\/portal\/wp-json\/wp\/v2\/pages\/2818","targetHints":{"allow":["GET"]}}],"collection":[{"href":"https:\/\/genomic.com.br\/portal\/wp-json\/wp\/v2\/pages"}],"about":[{"href":"https:\/\/genomic.com.br\/portal\/wp-json\/wp\/v2\/types\/page"}],"author":[{"embeddable":true,"href":"https:\/\/genomic.com.br\/portal\/wp-json\/wp\/v2\/users\/2"}],"replies":[{"embeddable":true,"href":"https:\/\/genomic.com.br\/portal\/wp-json\/wp\/v2\/comments?post=2818"}],"version-history":[{"count":7,"href":"https:\/\/genomic.com.br\/portal\/wp-json\/wp\/v2\/pages\/2818\/revisions"}],"predecessor-version":[{"id":3783,"href":"https:\/\/genomic.com.br\/portal\/wp-json\/wp\/v2\/pages\/2818\/revisions\/3783"}],"wp:attachment":[{"href":"https:\/\/genomic.com.br\/portal\/wp-json\/wp\/v2\/media?parent=2818"}],"curies":[{"name":"wp","href":"https:\/\/api.w.org\/{rel}","templated":true}]}}