{"id":2815,"date":"2016-02-25T19:28:34","date_gmt":"2016-02-25T22:28:34","guid":{"rendered":"http:\/\/genomic.com.br\/portal\/?page_id=2815"},"modified":"2017-05-23T16:06:43","modified_gmt":"2017-05-23T19:06:43","slug":"trombose-venosa-profunda","status":"publish","type":"page","link":"https:\/\/genomic.com.br\/portal\/trombose-venosa-profunda\/","title":{"rendered":"<i>F5 (Leiden)<\/i> &#8211; Trombose venosa profunda"},"content":{"rendered":"<h4><em>Fator V Leiden<\/em> &#8211; Trombose venosa profunda<\/h4>\n<p>&nbsp;<\/p>\n<p style=\"text-align: justify;\">Em setembro de 2000, o falecimento de uma australiana, v\u00edtima da &#8220;S\u00edndrome da Classe Econ\u00f4mica&#8221;, ap\u00f3s um longo v\u00f4o para Londres foi amplamente noticiado. Desde ent\u00e3o, t\u00eam-se estudado a liga\u00e7\u00e3o entre viagens a\u00e9reas e a ocorr\u00eancia da trombose venosa profunda (TVP).<\/p>\n<p>&nbsp;<\/p>\n<p style=\"text-align: justify;\">Na TVP formam-se co\u00e1gulos de sangue nas veias, em especial das pernas, que podem atingir os pulm\u00f5es, provocando embolia.<\/p>\n<p>&nbsp;<\/p>\n<p style=\"text-align: justify;\">A doen\u00e7a pode ocorrer por fatores adquiridos ou heredit\u00e1rios. Entre os primeiros, destacam-se traumas, problemas relacionados a per\u00edodo p\u00f3s-operat\u00f3rio, dificuldades motoras, obesidade m\u00f3rbida, problemas circulat\u00f3rios, ou como decorr\u00eancia da idade avan\u00e7ada.<\/p>\n<p>&nbsp;<\/p>\n<p style=\"text-align: justify;\">A TVP ocorre mais frequentemente em mulheres que tomam a p\u00edlula contraceptiva oral. H\u00e1 discuss\u00f5es sobre a influ\u00eancia de terapia de reposi\u00e7\u00e3o hormonal na ocorr\u00eancia da doen\u00e7a. A sintomatologia cl\u00ednica inclui incha\u00e7o na coxa ou na barriga da perna, nos tornozelos ou nos p\u00e9s, acompanhado ou n\u00e3o de dor. Em geral a inflama\u00e7\u00e3o vai aumentando no decorrer do dia e diminui durante o sono. Muitas vezes, n\u00e3o h\u00e1 o aparecimento de qualquer sintoma antes da ocorr\u00eancia de uma embolia.<\/p>\n<p>&nbsp;<\/p>\n<p style=\"text-align: justify;\">Mulheres que utilizam anticoncepcionais orais t\u00eam uma tend\u00eancia mais elevada de ter trombose, devido ao efeito multiplicativo do Fator V Leiden. A chance de uma mulher que n\u00e3o apresenta muta\u00e7\u00e3o e tampouco utiliza p\u00edlulas desenvolver a doen\u00e7a \u00e9 de 2,2 a cada 10 mil. Caso haja muta\u00e7\u00e3o e a mulher n\u00e3o utilize p\u00edlula, a chance sobe para 4,9 por 10 mil. Quando a mulher apresenta muta\u00e7\u00e3o e faz uso de contraceptivo oral, 27,7 em 10 mil desenvolvem a doen\u00e7a. Homens com mais de 60 anos t\u00eam sete vezes mais chance de sofrer trombose pulmonar do que os mais jovens.<\/p>\n<p>&nbsp;<\/p>\n<p style=\"text-align: justify;\">O exame de preven\u00e7\u00e3o a TVP, realizado pela Genomic, \u00e9 indicado para qualquer pessoa que teve trombose venosa ou que tenha hist\u00f3rico familiar. Mulheres que utilizam ou que pretendam utilizar a p\u00edlula anticoncepcional, tamb\u00e9m podem realizar este tipo de exame.<\/p>\n<p>&nbsp;<\/p>\n<p style=\"text-align: justify;\">A presen\u00e7a do fator V resistente \u00e0 a\u00e7\u00e3o proteol\u00edtica da Prote\u00edna C ativada \u00e9 respons\u00e1vel por entre 40% e 60% dos casos de trombose venosa heredit\u00e1ria. Entre as altera\u00e7\u00f5es gen\u00e9ticas, a resist\u00eancia \u00e0 Prote\u00edna C ativada (<em>Fator V Leiden<\/em>), muta\u00e7\u00e3o G20210A do gene da protrombina, defici\u00eancia de antitrombina III, de prote\u00edna C e de prote\u00edna S, podem ocasionar a doen\u00e7a.<\/p>\n<p>&nbsp;<\/p>\n<p style=\"text-align: justify;\">Embora o risco de trombose venosa em pessoas homozigotas para a muta\u00e7\u00e3o aumente de 50 a 100 vezes em rela\u00e7\u00e3o aos indiv\u00edduos normais, muitas pessoas que possuem a muta\u00e7\u00e3o n\u00e3o dever\u00e3o ter esta doen\u00e7a, a menos que possuam outros antecedentes heredit\u00e1rios ou fiquem expostas a outros fatores de risco, como gravidez, cirurgia ou traumas.<\/p>\n<p>&nbsp;<\/p>\n<p style=\"text-align: justify;\">Este exame \u00e9 realizado uma \u00fanica vez na vida, em qualquer idade, inclusive pr\u00e9-natal, pois as informa\u00e7\u00f5es estudadas s\u00e3o as do c\u00f3digo gen\u00e9tico, o qual n\u00e3o sofre altera\u00e7\u00f5es ao longo da vida.<\/p>\n<p>&nbsp;<\/p>\n<p><strong><span style=\"color: #800000;\">Metodologia<\/span><\/strong>:<\/p>\n<p style=\"text-align: justify;\">Isolamento do DNA gen\u00f4mico de leuc\u00f3citos, seguida de amplifica\u00e7\u00e3o por PCR da regi\u00e3o espec\u00edfica do gene do <em>Fator V<\/em> (Posi\u00e7\u00e3o 506 \u2013 Leiden), digest\u00e3o e an\u00e1lise por eletroforese.<\/p>\n<p>&nbsp;<\/p>\n<p><strong><span style=\"color: #800000;\">Coleta<\/span><\/strong>:<\/p>\n<p style=\"text-align: justify;\">Para realizar o exame \u00e9 necess\u00e1ria a coleta de 4,5 mL de sangue perif\u00e9rico em um tubo de coleta a v\u00e1cuo com anticoagulante EDTA (Vacutainer de tampa roxa) ou sangue em papel filtro FTA da Whatman\u00ae. O exame deve ser enviado em at\u00e9 cinco dias e a amostra deve ser conservada em temperatura ambiente.<\/p>\n<p>&nbsp;<\/p>\n<p><strong><span style=\"color: #800000;\">Prazos<\/span><\/strong>:<\/p>\n<p>Os resultados s\u00e3o enviados em 10 dias \u00fateis.<\/p>\n<p>&nbsp;<\/p>\n<p>* O exame s\u00f3 ser\u00e1 realizado mediante pedido m\u00e9dico.<\/p>\n<p>&nbsp;<\/p>\n<p style=\"text-align: justify;\">[icon type=&#8221;icon-phone&#8221;] Para maiores informa\u00e7\u00f5es e valores entre em <a href=\"\/contato\/\">contato<\/a> com a Genomic.<\/p>\n","protected":false},"excerpt":{"rendered":"<p>Fator V Leiden &#8211; Trombose venosa profunda &nbsp; Em setembro de 2000, o falecimento de uma australiana, v\u00edtima da &#8220;S\u00edndrome da Classe Econ\u00f4mica&#8221;, ap\u00f3s um longo v\u00f4o para Londres foi amplamente noticiado. Desde ent\u00e3o, t\u00eam-se estudado a liga\u00e7\u00e3o entre viagens a\u00e9reas e a ocorr\u00eancia da trombose venosa profunda (TVP). &nbsp; Na TVP formam-se co\u00e1gulos de &#8230; <a title=\"F5 (Leiden) &#8211; Trombose venosa profunda\" class=\"read-more\" href=\"https:\/\/genomic.com.br\/portal\/trombose-venosa-profunda\/\" aria-label=\"More on F5 (Leiden) &#8211; Trombose venosa profunda\">Ler mais<\/a><\/p>\n","protected":false},"author":2,"featured_media":0,"parent":0,"menu_order":0,"comment_status":"closed","ping_status":"closed","template":"","meta":{"footnotes":""},"class_list":["post-2815","page","type-page","status-publish"],"_links":{"self":[{"href":"https:\/\/genomic.com.br\/portal\/wp-json\/wp\/v2\/pages\/2815","targetHints":{"allow":["GET"]}}],"collection":[{"href":"https:\/\/genomic.com.br\/portal\/wp-json\/wp\/v2\/pages"}],"about":[{"href":"https:\/\/genomic.com.br\/portal\/wp-json\/wp\/v2\/types\/page"}],"author":[{"embeddable":true,"href":"https:\/\/genomic.com.br\/portal\/wp-json\/wp\/v2\/users\/2"}],"replies":[{"embeddable":true,"href":"https:\/\/genomic.com.br\/portal\/wp-json\/wp\/v2\/comments?post=2815"}],"version-history":[{"count":8,"href":"https:\/\/genomic.com.br\/portal\/wp-json\/wp\/v2\/pages\/2815\/revisions"}],"predecessor-version":[{"id":3765,"href":"https:\/\/genomic.com.br\/portal\/wp-json\/wp\/v2\/pages\/2815\/revisions\/3765"}],"wp:attachment":[{"href":"https:\/\/genomic.com.br\/portal\/wp-json\/wp\/v2\/media?parent=2815"}],"curies":[{"name":"wp","href":"https:\/\/api.w.org\/{rel}","templated":true}]}}