{"id":2776,"date":"2016-02-25T12:00:04","date_gmt":"2016-02-25T15:00:04","guid":{"rendered":"http:\/\/genomic.com.br\/portal\/?page_id=2776"},"modified":"2020-01-27T00:14:35","modified_gmt":"2020-01-27T03:14:35","slug":"paternidade-duo","status":"publish","type":"page","link":"https:\/\/genomic.com.br\/portal\/paternidade-duo\/","title":{"rendered":"Paternidade Duo"},"content":{"rendered":"<p>Os envolvidos na per\u00edcia DUO s\u00e3o: suposto pai e filho(a), ou seja, sem a participa\u00e7\u00e3o da m\u00e3e, desde que, o suposto pai tenha registrado a crian\u00e7a.<\/p>\n<p>A per\u00edcia tamb\u00e9m pode ser realizada entre suposta m\u00e3e e filho(a), por exemplo em casos de suspeita de troca de beb\u00eas, crian\u00e7as desaparecidas ou sequestro.<\/p>\n<p>A Genomic garante a an\u00e1lise de 17 a 29 locos, aumentando assim o grau de confiabilidade do seu resultado.<\/p>\n<p>Inclu\u00edmos nos estudos o marcador de sexo\u00a0(amelogenina) como um dos controles interno de qualidade. Em alguns casos locos STR situados nos cromossomos\u00a0X e\u00a0Y s\u00e3o analisados, trazendo informa\u00e7\u00f5es complementares imprescind\u00edveis.<\/p>\n<p>O prazo de entrega do laudo ser\u00e1 de 05 (cinco) dias \u00fateis, contados \u00e0 partir da data do recebimento do material.<\/p>\n<p>Consulte nossos exames para entrega em 23h ou 48h.<\/p>\n<p>Agende seu exame <a href=\"\/agendamento\/\">aqui<\/a><\/p>\n","protected":false},"excerpt":{"rendered":"<p>Os envolvidos na per\u00edcia DUO s\u00e3o: suposto pai e filho(a), ou seja, sem a participa\u00e7\u00e3o da m\u00e3e, desde que, o suposto pai tenha registrado a crian\u00e7a. A per\u00edcia tamb\u00e9m pode ser realizada entre suposta m\u00e3e e filho(a), por exemplo em casos de suspeita de troca de beb\u00eas, crian\u00e7as desaparecidas ou sequestro. A Genomic garante a &#8230; <a title=\"Paternidade Duo\" class=\"read-more\" href=\"https:\/\/genomic.com.br\/portal\/paternidade-duo\/\" aria-label=\"More on Paternidade Duo\">Ler mais<\/a><\/p>\n","protected":false},"author":2,"featured_media":0,"parent":0,"menu_order":0,"comment_status":"closed","ping_status":"closed","template":"","meta":{"footnotes":""},"class_list":["post-2776","page","type-page","status-publish"],"_links":{"self":[{"href":"https:\/\/genomic.com.br\/portal\/wp-json\/wp\/v2\/pages\/2776","targetHints":{"allow":["GET"]}}],"collection":[{"href":"https:\/\/genomic.com.br\/portal\/wp-json\/wp\/v2\/pages"}],"about":[{"href":"https:\/\/genomic.com.br\/portal\/wp-json\/wp\/v2\/types\/page"}],"author":[{"embeddable":true,"href":"https:\/\/genomic.com.br\/portal\/wp-json\/wp\/v2\/users\/2"}],"replies":[{"embeddable":true,"href":"https:\/\/genomic.com.br\/portal\/wp-json\/wp\/v2\/comments?post=2776"}],"version-history":[{"count":7,"href":"https:\/\/genomic.com.br\/portal\/wp-json\/wp\/v2\/pages\/2776\/revisions"}],"predecessor-version":[{"id":4155,"href":"https:\/\/genomic.com.br\/portal\/wp-json\/wp\/v2\/pages\/2776\/revisions\/4155"}],"wp:attachment":[{"href":"https:\/\/genomic.com.br\/portal\/wp-json\/wp\/v2\/media?parent=2776"}],"curies":[{"name":"wp","href":"https:\/\/api.w.org\/{rel}","templated":true}]}}