{"id":2765,"date":"2016-02-25T11:09:13","date_gmt":"2016-02-25T14:09:13","guid":{"rendered":"http:\/\/genomic.com.br\/portal\/?page_id=2765"},"modified":"2017-01-05T10:14:30","modified_gmt":"2017-01-05T13:14:30","slug":"paternidade-trio","status":"publish","type":"page","link":"https:\/\/genomic.com.br\/portal\/paternidade-trio\/","title":{"rendered":"Paternidade Trio"},"content":{"rendered":"<p>Os envolvidos na\u00a0per\u00edcia TRIO s\u00e3o:\u00a0suposto pai, m\u00e3e e filho(a).<\/p>\n<p>&nbsp;<\/p>\n<p>A t\u00e9cnica utilizada\u00a0\u00e9 a\u00a0PCR, que, aliada aos mais modernos equipamentos, faz com que a metodologia aplicada seja a mais r\u00e1pida e eficiente em termos de identifica\u00e7\u00e3o humana, tendo sido validada internacionalmente. O processo possibilita que o laudo com o resultado do estudo seja entregue em um prazo muito menor e com um valor muito mais acess\u00edvel quando comparado a outras t\u00e9cnicas.<\/p>\n<p>&nbsp;<\/p>\n<p>A Genomic garante a an\u00e1lise de 17 a 29 locos, aumentando assim o grau de confiabilidade do seu resultado.<\/p>\n<p>&nbsp;<\/p>\n<p>Inclu\u00edmos nos estudos o marcador de sexo\u00a0(amelogenina) como um dos controles internos de qualidade. Em alguns casos locos STR situados nos cromossomos\u00a0X e\u00a0Y s\u00e3o analisados, trazendo informa\u00e7\u00f5es complementares imprescind\u00edveis.<\/p>\n<p>&nbsp;<\/p>\n<p>O prazo de entrega do laudo ser\u00e1 de 05 (cinco) dias \u00fateis, contados \u00e0 partir da data do recebimento do material.<\/p>\n<p>&nbsp;<\/p>\n<p>Consulte nossos exames para entrega em 23h ou 48h.<\/p>\n<p>&nbsp;<\/p>\n<p>Agende seu exame <a href=\"\/agendamento\/\">aqui<\/a><\/p>\n","protected":false},"excerpt":{"rendered":"<p>Os envolvidos na\u00a0per\u00edcia TRIO s\u00e3o:\u00a0suposto pai, m\u00e3e e filho(a). &nbsp; A t\u00e9cnica utilizada\u00a0\u00e9 a\u00a0PCR, que, aliada aos mais modernos equipamentos, faz com que a metodologia aplicada seja a mais r\u00e1pida e eficiente em termos de identifica\u00e7\u00e3o humana, tendo sido validada internacionalmente. O processo possibilita que o laudo com o resultado do estudo seja entregue em &#8230; <a title=\"Paternidade Trio\" class=\"read-more\" href=\"https:\/\/genomic.com.br\/portal\/paternidade-trio\/\" aria-label=\"More on Paternidade Trio\">Ler mais<\/a><\/p>\n","protected":false},"author":2,"featured_media":0,"parent":0,"menu_order":0,"comment_status":"closed","ping_status":"closed","template":"","meta":{"footnotes":""},"class_list":["post-2765","page","type-page","status-publish"],"_links":{"self":[{"href":"https:\/\/genomic.com.br\/portal\/wp-json\/wp\/v2\/pages\/2765","targetHints":{"allow":["GET"]}}],"collection":[{"href":"https:\/\/genomic.com.br\/portal\/wp-json\/wp\/v2\/pages"}],"about":[{"href":"https:\/\/genomic.com.br\/portal\/wp-json\/wp\/v2\/types\/page"}],"author":[{"embeddable":true,"href":"https:\/\/genomic.com.br\/portal\/wp-json\/wp\/v2\/users\/2"}],"replies":[{"embeddable":true,"href":"https:\/\/genomic.com.br\/portal\/wp-json\/wp\/v2\/comments?post=2765"}],"version-history":[{"count":10,"href":"https:\/\/genomic.com.br\/portal\/wp-json\/wp\/v2\/pages\/2765\/revisions"}],"predecessor-version":[{"id":3529,"href":"https:\/\/genomic.com.br\/portal\/wp-json\/wp\/v2\/pages\/2765\/revisions\/3529"}],"wp:attachment":[{"href":"https:\/\/genomic.com.br\/portal\/wp-json\/wp\/v2\/media?parent=2765"}],"curies":[{"name":"wp","href":"https:\/\/api.w.org\/{rel}","templated":true}]}}