{"id":2763,"date":"2016-02-24T22:33:11","date_gmt":"2016-02-25T01:33:11","guid":{"rendered":"http:\/\/genomic.com.br\/portal\/?page_id=2763"},"modified":"2016-02-25T11:51:28","modified_gmt":"2016-02-25T14:51:28","slug":"equipe-genomic","status":"publish","type":"page","link":"https:\/\/genomic.com.br\/portal\/equipe-genomic\/","title":{"rendered":"Equipe Genomic"},"content":{"rendered":"<p>A Genomic \u00e9 formada por profissionais de diversas \u00e1reas de conhecimento que entendem a import\u00e2ncia do resultado de um exame gen\u00e9tico para a vida das pessoas envolvidas. Um assunto delicado e pessoal necessita de profissionais prontos a oferecer o melhor tratamento. Nossos profissionais atuam pautados por inquestion\u00e1vel conduta \u00e9tica e moral, al\u00e9m de rigorosa forma\u00e7\u00e3o t\u00e9cnica, especializa\u00e7\u00e3o e treinamento.<\/p>\n<p><span style=\"color: #800000;\">Corpo cient\u00edfico<\/span>:<\/p>\n<p>Na dire\u00e7\u00e3o cl\u00ednica est\u00e1 o <strong>Dr. Martin Ritter<\/strong> <strong>Whittle<\/strong>. M\u00e9dico pela Universidade de Londres, bioqu\u00edmico pela Universidade de Oxford, especialista em Gen\u00e9tica Cl\u00ednica pela Sociedade Brasileira de Gen\u00e9tica M\u00e9dica (habilita\u00e7\u00e3o em gen\u00e9tica molecular), PhD pela Universidade de S\u00e3o Paulo e perito judicial. <a href=\"http:\/\/lattes.cnpq.br\/4814643904646764\" target=\"_blank\">Clique aqui<\/a>\u00a0para acessar o curriculum vitae. \u00c9 o respons\u00e1vel pela introdu\u00e7\u00e3o e implanta\u00e7\u00e3o no Brasil da identifica\u00e7\u00e3o humana por DNA, atrav\u00e9s do estudo de STRs. Coordena uma equipe de bi\u00f3logos altamente especializados em biologia molecular com ART (Anota\u00e7\u00e3o de Responsabilidade T\u00e9cnica expedida pelo Conselho Regional de Biologia), al\u00e9m de doutores em bioqu\u00edmica e biologia molecular.<\/p>\n<p><strong>Dra Denilce Ritsuko Sumita<\/strong>, bi\u00f3loga, PhD em Biologia e Gen\u00e9tica pela Universidade de S\u00e3o Paulo. \u00c9 especialista na \u00e1rea forense.<\/p>\n<p><strong>Dra D\u00e9bora Regina Veiga Sacramento<\/strong>, biom\u00e9dica, PhD em Virologie \/ Sciences de la Vie pela\u00a0 Universit\u00e9 Pierre et Marie Curie (Paris VI). \u00c9 respons\u00e1vel pela \u00e1rea de novos neg\u00f3cios.<\/p>\n<p>&nbsp;<\/p>\n<p><span style=\"color: #800000;\">Corpo administrativo<\/span>:<\/p>\n<p>Contatos:<\/p>\n<p><strong>Administrativo Financeiro<\/strong><br \/>\n<a href=\"mailto:financeiro@genomic.com.br\">financeiro@genomic.com.br<\/a><\/p>\n<p><strong>Comercial &#8211;\u00a0Claudia Baltazar<\/strong><br \/>\n<a href=\"mailto:comercial@genomic.com.br\">comercial@genomic.com.br<\/a><\/p>\n<p><strong>Compras \/ Inform\u00e1tica &#8211; Laura Cardoso\u00a0Andrade<\/strong><br \/>\n<a href=\"mailto:laura@genomic.com.br\">laura@genomic.com.br<\/a><\/p>\n<p><strong>Marketing \/ Imprensa \/ Neg\u00f3cios<\/strong><br \/>\n<a href=\"mailto:joao@genomic.com.br\">comercial@genomic.com.br<\/a><\/p>\n","protected":false},"excerpt":{"rendered":"<p>A Genomic \u00e9 formada por profissionais de diversas \u00e1reas de conhecimento que entendem a import\u00e2ncia do resultado de um exame gen\u00e9tico para a vida das pessoas envolvidas. Um assunto delicado e pessoal necessita de profissionais prontos a oferecer o melhor tratamento. Nossos profissionais atuam pautados por inquestion\u00e1vel conduta \u00e9tica e moral, al\u00e9m de rigorosa forma\u00e7\u00e3o &#8230; <a title=\"Equipe Genomic\" class=\"read-more\" href=\"https:\/\/genomic.com.br\/portal\/equipe-genomic\/\" aria-label=\"More on Equipe Genomic\">Ler mais<\/a><\/p>\n","protected":false},"author":2,"featured_media":0,"parent":0,"menu_order":0,"comment_status":"closed","ping_status":"closed","template":"","meta":{"footnotes":""},"class_list":["post-2763","page","type-page","status-publish"],"_links":{"self":[{"href":"https:\/\/genomic.com.br\/portal\/wp-json\/wp\/v2\/pages\/2763","targetHints":{"allow":["GET"]}}],"collection":[{"href":"https:\/\/genomic.com.br\/portal\/wp-json\/wp\/v2\/pages"}],"about":[{"href":"https:\/\/genomic.com.br\/portal\/wp-json\/wp\/v2\/types\/page"}],"author":[{"embeddable":true,"href":"https:\/\/genomic.com.br\/portal\/wp-json\/wp\/v2\/users\/2"}],"replies":[{"embeddable":true,"href":"https:\/\/genomic.com.br\/portal\/wp-json\/wp\/v2\/comments?post=2763"}],"version-history":[{"count":3,"href":"https:\/\/genomic.com.br\/portal\/wp-json\/wp\/v2\/pages\/2763\/revisions"}],"predecessor-version":[{"id":2775,"href":"https:\/\/genomic.com.br\/portal\/wp-json\/wp\/v2\/pages\/2763\/revisions\/2775"}],"wp:attachment":[{"href":"https:\/\/genomic.com.br\/portal\/wp-json\/wp\/v2\/media?parent=2763"}],"curies":[{"name":"wp","href":"https:\/\/api.w.org\/{rel}","templated":true}]}}