{"id":2758,"date":"2016-02-24T22:26:20","date_gmt":"2016-02-25T01:26:20","guid":{"rendered":"http:\/\/genomic.com.br\/portal\/?page_id=2758"},"modified":"2016-02-25T11:31:44","modified_gmt":"2016-02-25T14:31:44","slug":"tecnologia","status":"publish","type":"page","link":"https:\/\/genomic.com.br\/portal\/tecnologia\/","title":{"rendered":"Tecnologia"},"content":{"rendered":"<p>H\u00e1 alguns anos, o estudo das informa\u00e7\u00f5es gen\u00e9ticas dos seres vivos deixou de ser um conhecimento restrito aos estudiosos e passou a fazer parte das conversas cotidianas. Os exames de DNA para investiga\u00e7\u00e3o de v\u00ednculo gen\u00e9tico de filia\u00e7\u00e3o surgiram na m\u00eddia e seriados de televis\u00e3o que abordam a pr\u00e1tica de exames forenses come\u00e7aram a aparecer.<\/p>\n<p>&nbsp;<\/p>\n<p>Um dos respons\u00e1veis pela populariza\u00e7\u00e3o do interesse pela biologia molecular foi o Projeto Genoma. A riqueza de variabilidade nunca antes imaginada foi revelada. O uso de t\u00e9cnicas moleculares na determina\u00e7\u00e3o das informa\u00e7\u00f5es gen\u00e9ticas tem feito parte de uma verdadeira revolu\u00e7\u00e3o tecnol\u00f3gica.<\/p>\n<p>&nbsp;<\/p>\n<p>A simplifica\u00e7\u00e3o do exame de DNA acaba por modificar profundamente a vida das pessoas. Qualquer um pode ter certeza sobre a sua filia\u00e7\u00e3o, vincular suspeitos \u00e0 cena de um crime, identificar restos mortais, investigar doen\u00e7as gen\u00e9ticas, averiguar as suas probabilidades de desenvolver determinadas doen\u00e7as e escolher o tratamento mais adequado.<\/p>\n<p>&nbsp;<\/p>\n<p>Atualmente, atrav\u00e9s de v\u00e1rios tipos de marcadores, a individualidade gen\u00f4mica humana pode ser caracterizada no laborat\u00f3rio. Validados internacionalmente, os marcadores gen\u00e9ticos de especial relev\u00e2ncia s\u00e3o empregados rotineiramente no laborat\u00f3rio, como os microssat\u00e9lites dos cromossomos autoss\u00f4micos e dos sexuais (cromossomos X e Y), os polimorfismos de sequ\u00eancia \u00fanica (SNPs), os polimorfismos de inser\u00e7\u00e3o-dele\u00e7\u00e3o (indels) e o sequenciamento de DNA mitocondrial.<\/p>\n<p>&nbsp;<\/p>\n<p>Por exigir a aplica\u00e7\u00e3o de alta tecnologia, conhecimentos aprofundados e capacidade de atualiza\u00e7\u00e3o que acompanhe a enorme velocidade de progresso da biologia molecular, a pr\u00e1tica laboratorial demanda investimento em pesquisas e parcerias com centros de excel\u00eancia e universidades ao redor do mundo. Ainda, por envolver a intimidade mais preciosa das pessoas, exige um comportamento \u00e9tico impec\u00e1vel.<\/p>\n<p>Construir ferramentas e padronizar processos para manipular coisas t\u00e3o diminutas com rapidez e a facilidade de manipula\u00e7\u00e3o n\u00e3o \u00e9 tarefa trivial. O laborat\u00f3rio da GENOMIC est\u00e1 preparado para realizar pesquisas gen\u00e9ticas nas \u00e1reas de medicina molecular, forense e investiga\u00e7\u00e3o de paternidade.<\/p>\n<p class=\"NormalWeb2\" style=\"text-align: justify;\">\n","protected":false},"excerpt":{"rendered":"<p>H\u00e1 alguns anos, o estudo das informa\u00e7\u00f5es gen\u00e9ticas dos seres vivos deixou de ser um conhecimento restrito aos estudiosos e passou a fazer parte das conversas cotidianas. Os exames de DNA para investiga\u00e7\u00e3o de v\u00ednculo gen\u00e9tico de filia\u00e7\u00e3o surgiram na m\u00eddia e seriados de televis\u00e3o que abordam a pr\u00e1tica de exames forenses come\u00e7aram a aparecer. &#8230; <a title=\"Tecnologia\" class=\"read-more\" href=\"https:\/\/genomic.com.br\/portal\/tecnologia\/\" aria-label=\"More on Tecnologia\">Ler mais<\/a><\/p>\n","protected":false},"author":2,"featured_media":0,"parent":0,"menu_order":0,"comment_status":"closed","ping_status":"closed","template":"","meta":{"footnotes":""},"class_list":["post-2758","page","type-page","status-publish"],"_links":{"self":[{"href":"https:\/\/genomic.com.br\/portal\/wp-json\/wp\/v2\/pages\/2758","targetHints":{"allow":["GET"]}}],"collection":[{"href":"https:\/\/genomic.com.br\/portal\/wp-json\/wp\/v2\/pages"}],"about":[{"href":"https:\/\/genomic.com.br\/portal\/wp-json\/wp\/v2\/types\/page"}],"author":[{"embeddable":true,"href":"https:\/\/genomic.com.br\/portal\/wp-json\/wp\/v2\/users\/2"}],"replies":[{"embeddable":true,"href":"https:\/\/genomic.com.br\/portal\/wp-json\/wp\/v2\/comments?post=2758"}],"version-history":[{"count":5,"href":"https:\/\/genomic.com.br\/portal\/wp-json\/wp\/v2\/pages\/2758\/revisions"}],"predecessor-version":[{"id":2773,"href":"https:\/\/genomic.com.br\/portal\/wp-json\/wp\/v2\/pages\/2758\/revisions\/2773"}],"wp:attachment":[{"href":"https:\/\/genomic.com.br\/portal\/wp-json\/wp\/v2\/media?parent=2758"}],"curies":[{"name":"wp","href":"https:\/\/api.w.org\/{rel}","templated":true}]}}