{"id":2602,"date":"2015-10-27T14:04:49","date_gmt":"2015-10-27T14:04:49","guid":{"rendered":"http:\/\/themes.muffingroup.com\/be\/farmer\/?page_id=21"},"modified":"2017-03-20T10:25:41","modified_gmt":"2017-03-20T13:25:41","slug":"pericia-suposto-pai-falecido-ou-ausente","status":"publish","type":"page","link":"https:\/\/genomic.com.br\/portal\/pericia-suposto-pai-falecido-ou-ausente\/","title":{"rendered":"Per\u00edcia suposto pai falecido ou ausente"},"content":{"rendered":"<p>Para realizar uma per\u00edcia de suposto pai falecido ou ausente \u00e9 necess\u00e1rio analisar os materiais gen\u00e9ticos dos parentes de primeiro grau (pai e\/ou m\u00e3e, irm\u00e3os\u00a0ou filhos biol\u00f3gicos) do suposto pai falecido ou ausente. Assim, podemos reconstituir as informa\u00e7\u00f5es gen\u00e9ticas deste suposto pai. A partir desta reconstitui\u00e7\u00e3o, \u00e9 poss\u00edvel fazer a compara\u00e7\u00e3o com os dados gen\u00e9ticos do(a) suposto(a) filho(a) e sua genitora.<\/p>\n<p>&nbsp;<\/p>\n<p>O grau de parentesco dos periciandos utilizados nesta an\u00e1lise deve ser indubitavelmente verdadeiro. A an\u00e1lise parte desta premissa e a falta deste v\u00ednculo gen\u00e9tico pode levar a resultados n\u00e3o conclusivos.<\/p>\n<p>&nbsp;<\/p>\n<p>A Genomic garante a an\u00e1lise de 17 a 29 locos, aumentando assim o grau de confiabilidade do seu resultado.<\/p>\n<p>&nbsp;<\/p>\n<p>Al\u00e9m disso, para essa reconstitui\u00e7\u00e3o, podemos analisar informa\u00e7\u00f5es gen\u00e9ticas do cromossomo X e Y, elevando o grau de confiabilidade do resultado.<\/p>\n<p>&nbsp;<\/p>\n<p>O prazo de entrega do laudo ser\u00e1 de 10 (dez) dias \u00fateis, contados \u00e0 partir da data do recebimento do material e da documenta\u00e7\u00e3o completa.<\/p>\n<p>&nbsp;<\/p>\n<p>Para maiores informa\u00e7\u00f5es e valores\u00a0entre em <a href=\"\/contato\/\">contato <\/a>com a Genomic.<\/p>\n<p>&nbsp;<\/p>\n","protected":false},"excerpt":{"rendered":"<p>Para realizar uma per\u00edcia de suposto pai falecido ou ausente \u00e9 necess\u00e1rio analisar os materiais gen\u00e9ticos dos parentes de primeiro grau (pai e\/ou m\u00e3e, irm\u00e3os\u00a0ou filhos biol\u00f3gicos) do suposto pai falecido ou ausente. Assim, podemos reconstituir as informa\u00e7\u00f5es gen\u00e9ticas deste suposto pai. A partir desta reconstitui\u00e7\u00e3o, \u00e9 poss\u00edvel fazer a compara\u00e7\u00e3o com os dados gen\u00e9ticos &#8230; <a title=\"Per\u00edcia suposto pai falecido ou ausente\" class=\"read-more\" href=\"https:\/\/genomic.com.br\/portal\/pericia-suposto-pai-falecido-ou-ausente\/\" aria-label=\"More on Per\u00edcia suposto pai falecido ou ausente\">Ler mais<\/a><\/p>\n","protected":false},"author":2,"featured_media":0,"parent":0,"menu_order":0,"comment_status":"closed","ping_status":"closed","template":"","meta":{"footnotes":""},"class_list":["post-2602","page","type-page","status-publish"],"_links":{"self":[{"href":"https:\/\/genomic.com.br\/portal\/wp-json\/wp\/v2\/pages\/2602","targetHints":{"allow":["GET"]}}],"collection":[{"href":"https:\/\/genomic.com.br\/portal\/wp-json\/wp\/v2\/pages"}],"about":[{"href":"https:\/\/genomic.com.br\/portal\/wp-json\/wp\/v2\/types\/page"}],"author":[{"embeddable":true,"href":"https:\/\/genomic.com.br\/portal\/wp-json\/wp\/v2\/users\/2"}],"replies":[{"embeddable":true,"href":"https:\/\/genomic.com.br\/portal\/wp-json\/wp\/v2\/comments?post=2602"}],"version-history":[{"count":17,"href":"https:\/\/genomic.com.br\/portal\/wp-json\/wp\/v2\/pages\/2602\/revisions"}],"predecessor-version":[{"id":3532,"href":"https:\/\/genomic.com.br\/portal\/wp-json\/wp\/v2\/pages\/2602\/revisions\/3532"}],"wp:attachment":[{"href":"https:\/\/genomic.com.br\/portal\/wp-json\/wp\/v2\/media?parent=2602"}],"curies":[{"name":"wp","href":"https:\/\/api.w.org\/{rel}","templated":true}]}}